{"id":1256,"date":"2021-04-10T11:31:20","date_gmt":"2021-04-10T11:31:20","guid":{"rendered":"https:\/\/36256ryd.se\/minnen\/?page_id=1256"},"modified":"2021-04-13T09:32:23","modified_gmt":"2021-04-13T09:32:23","slug":"elna-skoot-lundin","status":"publish","type":"page","link":"https:\/\/36256ryd.se\/minnen\/andra-minnen\/elna-skoot-lundin\/","title":{"rendered":"TANDV\u00c4RK"},"content":{"rendered":"<p><em>Ber\u00e4ttat av Elna Skott-Lundin, dotter till Anna-Valborg och Nils. Hon minns h\u00e4ndelsen s\u00e5 h\u00e4r:<\/em><\/p>\n<p>\u00c5r 1926-1927 fick Anna-Valborg Skott i Br\u00e4nna, Bj\u00f6rkvattnet T\u00e4rnaby, fruktansv\u00e4rd tandv\u00e4rk. Varken v\u00e4rmeomslag, pipolja eller alla andra medel hj\u00e4lpte. \u00c5terstod bara att b\u00e4ra bort den.<\/p>\n<p>Ett paket gjordes av \u201cn\u00e5got hon hade p\u00e5 sig\u201d. Det blev en bit av flanellskjortan. I det lades en knapp fr\u00e5n koftan, en h\u00e5rlock, n\u00e5gra bitar av naglarna och tre spottloskor. Allt in virades ordentligt och paketet kn\u00f6ts ihop med ulltr\u00e5d.<\/p>\n<p>Hennes man, Nils Skott, tog det i v\u00e4nster hand och en yxa i den h\u00f6gra och bar det till skogs. Han h\u00f6gg en f\u00f6rdjupning i en tall och g\u00f6mde det d\u00e4r. Satte tillbaka barken s\u00e5 ingreppet inte syntes. Tandv\u00e4rken var borta n\u00e4r han kom hem.<\/p>\n<p>Elva \u00e5r efter\u00e5t bodde n\u00e5gra skogshuggare fr\u00e5n Joesj\u00f6 hos dem. En kv\u00e4ll kom en av dem hem med n\u00e5got han tyckte var m\u00e4rkv\u00e4rdigt. Han hade hittat ett mystiskt paket i ett tr\u00e4d och visade Anna-Valborg. Hon k\u00e4nde igen det men l\u00e5tsades inte om det utan tittade bara noga efter vart han la det. Han sa sig vilja ta det till Joesj\u00f6.<\/p>\n<p>Det konstiga var dock att tandv\u00e4rken kom tillbaka. Lika intensiv som f\u00f6rra g\u00e5ngen. Det blev ingen annan r\u00e5d \u00e4n att stj\u00e4la tillbaka paketet och s\u00e5 fick Nils ge sig av med det till skogs och g\u00f6mma det igen. Denna g\u00e5ngen i en ungtall som fick vara ifred ett tag.<\/p>\n<p>Tandv\u00e4rken f\u00f6rsvann!<\/p>\n<p>Visningar: 107<\/p>","protected":false},"excerpt":{"rendered":"<p>Ber\u00e4ttat av Elna Skott-Lundin, dotter till Anna-Valborg och Nils. Hon minns h\u00e4ndelsen s\u00e5 h\u00e4r: \u00c5r 1926-1927 fick Anna-Valborg Skott i Br\u00e4nna, Bj\u00f6rkvattnet T\u00e4rnaby, fruktansv\u00e4rd tandv\u00e4rk.&hellip;<\/p>\n","protected":false},"author":1,"featured_media":0,"parent":102,"menu_order":6,"comment_status":"closed","ping_status":"closed","template":"","meta":{"ngg_post_thumbnail":0,"footnotes":""},"class_list":["post-1256","page","type-page","status-publish","hentry"],"_links":{"self":[{"href":"https:\/\/36256ryd.se\/minnen\/wp-json\/wp\/v2\/pages\/1256","targetHints":{"allow":["GET"]}}],"collection":[{"href":"https:\/\/36256ryd.se\/minnen\/wp-json\/wp\/v2\/pages"}],"about":[{"href":"https:\/\/36256ryd.se\/minnen\/wp-json\/wp\/v2\/types\/page"}],"author":[{"embeddable":true,"href":"https:\/\/36256ryd.se\/minnen\/wp-json\/wp\/v2\/users\/1"}],"replies":[{"embeddable":true,"href":"https:\/\/36256ryd.se\/minnen\/wp-json\/wp\/v2\/comments?post=1256"}],"version-history":[{"count":6,"href":"https:\/\/36256ryd.se\/minnen\/wp-json\/wp\/v2\/pages\/1256\/revisions"}],"predecessor-version":[{"id":1336,"href":"https:\/\/36256ryd.se\/minnen\/wp-json\/wp\/v2\/pages\/1256\/revisions\/1336"}],"up":[{"embeddable":true,"href":"https:\/\/36256ryd.se\/minnen\/wp-json\/wp\/v2\/pages\/102"}],"wp:attachment":[{"href":"https:\/\/36256ryd.se\/minnen\/wp-json\/wp\/v2\/media?parent=1256"}],"curies":[{"name":"wp","href":"https:\/\/api.w.org\/{rel}","templated":true}]}}