{"id":1294,"date":"2021-04-11T13:18:09","date_gmt":"2021-04-11T13:18:09","guid":{"rendered":"https:\/\/36256ryd.se\/minnen\/?page_id=1294"},"modified":"2021-04-11T13:18:10","modified_gmt":"2021-04-11T13:18:10","slug":"renmarken","status":"publish","type":"page","link":"https:\/\/36256ryd.se\/minnen\/andra-minnen\/renmarken\/","title":{"rendered":"RENM\u00c4RKEN"},"content":{"rendered":"\n<h2 class=\"wp-block-heading\">Wikipedia<\/h2>\n\n\n\n<p><strong>Renm\u00e4rke<\/strong>\u00a0\u00e4r snitt skurna i\u00a0renarnas\u00a0h\u00f6ger och v\u00e4nster \u00f6ra. Renm\u00e4rket \u00e4r unikt f\u00f6r varje\u00a0ren\u00e4gare\u00a0och utifr\u00e5n m\u00e4rkningen kan man identifiera \u00e4garen till renen.<\/p>\n\n\n\n<h2 class=\"wp-block-heading\">Gamla renm\u00e4rken<\/h2>\n\n\n\nngg_shortcode_0_placeholder\n<p>Visningar: 210<\/p>","protected":false},"excerpt":{"rendered":"<p>Wikipedia Renm\u00e4rke\u00a0\u00e4r snitt skurna i\u00a0renarnas\u00a0h\u00f6ger och v\u00e4nster \u00f6ra. Renm\u00e4rket \u00e4r unikt f\u00f6r varje\u00a0ren\u00e4gare\u00a0och utifr\u00e5n m\u00e4rkningen kan man identifiera \u00e4garen till renen. Gamla renm\u00e4rken Visningar: 210<\/p>\n","protected":false},"author":1,"featured_media":0,"parent":102,"menu_order":0,"comment_status":"closed","ping_status":"closed","template":"","meta":{"ngg_post_thumbnail":0,"footnotes":""},"class_list":["post-1294","page","type-page","status-publish","hentry"],"_links":{"self":[{"href":"https:\/\/36256ryd.se\/minnen\/wp-json\/wp\/v2\/pages\/1294","targetHints":{"allow":["GET"]}}],"collection":[{"href":"https:\/\/36256ryd.se\/minnen\/wp-json\/wp\/v2\/pages"}],"about":[{"href":"https:\/\/36256ryd.se\/minnen\/wp-json\/wp\/v2\/types\/page"}],"author":[{"embeddable":true,"href":"https:\/\/36256ryd.se\/minnen\/wp-json\/wp\/v2\/users\/1"}],"replies":[{"embeddable":true,"href":"https:\/\/36256ryd.se\/minnen\/wp-json\/wp\/v2\/comments?post=1294"}],"version-history":[{"count":1,"href":"https:\/\/36256ryd.se\/minnen\/wp-json\/wp\/v2\/pages\/1294\/revisions"}],"predecessor-version":[{"id":1316,"href":"https:\/\/36256ryd.se\/minnen\/wp-json\/wp\/v2\/pages\/1294\/revisions\/1316"}],"up":[{"embeddable":true,"href":"https:\/\/36256ryd.se\/minnen\/wp-json\/wp\/v2\/pages\/102"}],"wp:attachment":[{"href":"https:\/\/36256ryd.se\/minnen\/wp-json\/wp\/v2\/media?parent=1294"}],"curies":[{"name":"wp","href":"https:\/\/api.w.org\/{rel}","templated":true}]}}