{"id":1320,"date":"2021-04-11T13:42:23","date_gmt":"2021-04-11T13:42:23","guid":{"rendered":"https:\/\/36256ryd.se\/minnen\/?page_id=1320"},"modified":"2021-04-11T13:42:24","modified_gmt":"2021-04-11T13:42:24","slug":"en-sedelarande-historia","status":"publish","type":"page","link":"https:\/\/36256ryd.se\/minnen\/andra-minnen\/en-sedelarande-historia\/","title":{"rendered":"EN SEDEL\u00c4RANDE HISTORIA"},"content":{"rendered":"\n<p>En sedel\u00e4rande historia ber\u00e4ttad av&nbsp;Anna Alexandra&nbsp;Klementsson,&nbsp;Vapsten&nbsp;<\/p>\n\n\n\n<p>En ung flicka hade vaktat renar ett helt dygn. Det hade varit uruselt v\u00e4der med mycket regn och hon var genom v\u00e5rt, frusen och mycket tr\u00f6tt. \u00c4ntligen blev det vaktombyte och nu skulle hon komma under tak och&nbsp; f\u00e5 sova.&nbsp;Det skulle bli i en k\u00e5ta&nbsp;ett stycke bort, d\u00e4r det fanns skinn och troligtvis n\u00e5gon f\u00e4lle att ligga p\u00e5. Sk\u00f6nt att kunna befria sig fr\u00e5n den&nbsp;v\u00e5ta&nbsp;\u201cskokkmokken\u201d men hur g\u00f6ra med \u201cskinhkieh\u201d?&nbsp;De l\u00e5nga skinnbyxorna k\u00e4ndes kalla och obehagliga och dessutom liksom s\u00f6g&nbsp;det&nbsp;sig fast runt benen. Hon var ju ensam vid k\u00e5tan. Hon tog av dem helt enkelt och h\u00e4ngde dem p\u00e5 en krok och somnade.&nbsp;&nbsp;<\/p>\n\n\n\n<p>Olyckligtvis var en ung man, som ocks\u00e5 var i behov av vila, ute just den natten. Han kom till&nbsp;k\u00e5tan&nbsp;och t\u00e4nkte d\u00e4r sl\u00e5r sig till ro d\u00e4r. \u00d6ppnade f\u00f6rsiktigt d\u00f6rren och det f\u00f6rsta han f\u00e5r syn p\u00e5 \u00e4r de upph\u00e4ngda \u201cskinhkieh\u201d och sedan den sovande flickan. Han blev mycket bet\u00e4nksam. Detta m\u00e5ste vara en osedliga, ja d\u00e5lig flicka. S\u00e5dana skulle man akta sig f\u00f6r, hade han l\u00e4rt sig. St\u00e4ngde d\u00f6rren och gick d\u00e4rifr\u00e5n. Vart han gick fick jag inte veta. Troligen l\u00e5g han&nbsp;ute&nbsp;den tid som var kvar av natten.&nbsp;<\/p>\n\n\n\n<p>D\u00f6rdte&nbsp;<\/p>\n<p>Visningar: 140<\/p>","protected":false},"excerpt":{"rendered":"<p>En sedel\u00e4rande historia ber\u00e4ttad av&nbsp;Anna Alexandra&nbsp;Klementsson,&nbsp;Vapsten&nbsp; En ung flicka hade vaktat renar ett helt dygn. Det hade varit uruselt v\u00e4der med mycket regn och hon&hellip;<\/p>\n","protected":false},"author":1,"featured_media":0,"parent":102,"menu_order":8,"comment_status":"closed","ping_status":"closed","template":"","meta":{"ngg_post_thumbnail":0,"footnotes":""},"class_list":["post-1320","page","type-page","status-publish","hentry"],"_links":{"self":[{"href":"https:\/\/36256ryd.se\/minnen\/wp-json\/wp\/v2\/pages\/1320","targetHints":{"allow":["GET"]}}],"collection":[{"href":"https:\/\/36256ryd.se\/minnen\/wp-json\/wp\/v2\/pages"}],"about":[{"href":"https:\/\/36256ryd.se\/minnen\/wp-json\/wp\/v2\/types\/page"}],"author":[{"embeddable":true,"href":"https:\/\/36256ryd.se\/minnen\/wp-json\/wp\/v2\/users\/1"}],"replies":[{"embeddable":true,"href":"https:\/\/36256ryd.se\/minnen\/wp-json\/wp\/v2\/comments?post=1320"}],"version-history":[{"count":1,"href":"https:\/\/36256ryd.se\/minnen\/wp-json\/wp\/v2\/pages\/1320\/revisions"}],"predecessor-version":[{"id":1321,"href":"https:\/\/36256ryd.se\/minnen\/wp-json\/wp\/v2\/pages\/1320\/revisions\/1321"}],"up":[{"embeddable":true,"href":"https:\/\/36256ryd.se\/minnen\/wp-json\/wp\/v2\/pages\/102"}],"wp:attachment":[{"href":"https:\/\/36256ryd.se\/minnen\/wp-json\/wp\/v2\/media?parent=1320"}],"curies":[{"name":"wp","href":"https:\/\/api.w.org\/{rel}","templated":true}]}}