{"id":1398,"date":"2022-02-03T21:56:37","date_gmt":"2022-02-03T21:56:37","guid":{"rendered":"https:\/\/36256ryd.se\/minnen\/?page_id=1398"},"modified":"2025-02-15T13:30:34","modified_gmt":"2025-02-15T13:30:34","slug":"lill-mankes-sorgejoik-pa-kronakken","status":"publish","type":"page","link":"https:\/\/36256ryd.se\/minnen\/kjell\/lill-mankes-sorgejoik-pa-kronakken\/","title":{"rendered":"SORGEJOIJK P\u00c5 KRONAKKEN"},"content":{"rendered":"\n<p><em>Vk 26juni 1968 av Olle Gr\u00f6nlund<\/em>&nbsp;<\/p>\n\n\n\n<figure class=\"wp-block-image size-large is-resized\"><img loading=\"lazy\" decoding=\"async\" src=\"https:\/\/36256ryd.se\/minnen\/wp-content\/uploads\/2022\/02\/MagnusVirgiliusFjallstrom_20ar-693x1024.jpg\" alt=\"\" class=\"wp-image-1400\" width=\"347\" height=\"512\" srcset=\"https:\/\/36256ryd.se\/minnen\/wp-content\/uploads\/2022\/02\/MagnusVirgiliusFjallstrom_20ar-693x1024.jpg 693w, https:\/\/36256ryd.se\/minnen\/wp-content\/uploads\/2022\/02\/MagnusVirgiliusFjallstrom_20ar-203x300.jpg 203w, https:\/\/36256ryd.se\/minnen\/wp-content\/uploads\/2022\/02\/MagnusVirgiliusFjallstrom_20ar-768x1135.jpg 768w, https:\/\/36256ryd.se\/minnen\/wp-content\/uploads\/2022\/02\/MagnusVirgiliusFjallstrom_20ar-300x443.jpg 300w, https:\/\/36256ryd.se\/minnen\/wp-content\/uploads\/2022\/02\/MagnusVirgiliusFjallstrom_20ar-850x1256.jpg 850w, https:\/\/36256ryd.se\/minnen\/wp-content\/uploads\/2022\/02\/MagnusVirgiliusFjallstrom_20ar.jpg 972w\" sizes=\"auto, (max-width: 347px) 100vw, 347px\" \/><figcaption>Magnus &#8221;Lillm\u00e5nke&#8221; Virgilius Fj\u00e4llstr\u00f6m, Svansj\u00f6n Gitsfj\u00e4ll.<\/figcaption><\/figure>\n\n\n\n<p>Vintern 1915 h\u00f6ll jag p\u00e5 med r\u00e4vjakt kring Gitsfj\u00e4ll och L\u00f6vsj\u00f6fj\u00e4llet. Priset p\u00e5 r\u00e4vskinn hade stigit till 70 &#8211; 80 kr s\u00e5 det fanns m\u00f6jlighet att tj\u00e4na pengar p\u00e5 r\u00e4vjakt. En Mauser, 6,5 mm, hade jag k\u00f6pt just med tanke p\u00e5 denna fj\u00e4llvistelse. Jag bodde hos lappen Magnus Fj\u00e4llstr\u00f6m, som allm\u00e4nt kallades f\u00f6r \u201cLill-M\u00e5nke\u201d. Hos honom fick jag k\u00f6pa sm\u00f6r, mj\u00f6lk, fisk och renk\u00f6tt till proviant. Han bodde p\u00e5 ett litet torp p\u00e5 sydsidan av Gitsfj\u00e4llet.&nbsp;<\/p>\n\n\n\n<p>Denna vinter hade \u201cLill-M\u00e5nke\u201d en st\u00f6rre renflock betande kring fj\u00e4llet. Renar, som var rivna av rovdjur, hittades h\u00e4r och var och d\u00e4rf\u00f6r hade mycket r\u00e4v samlats f\u00f6r att kalasa p\u00e5 kadavren. \u201cLill-M\u00e5nke\u201d trodde det var lodjur som dr\u00e4pt renarna om n\u00e4tterna.&nbsp;<\/p>\n\n\n\n<p>En dag n\u00e4r jag h\u00f6ll p\u00e5 att jaga r\u00e4v i&nbsp;fj\u00e4llet fick jag syn p\u00e5 ett sp\u00e5r efter 4 vargar och 7 renar, som rivits under natten. Jag tog efter vargarna, men dess har det g\u00e5tt upp mot Kronakken d\u00e4r sp\u00e5ren bl\u00e5st igen. N\u00e4r jag kom hem till \u201cLill-M\u00e5nke\u201d talade jag om att det var vargar och inte lodjur som rivit renarna. Voj voj, vilken olycka som drabbat mig, j\u00e4mrade sig lappen.<\/p>\n\n\n\n<p>Dagen d\u00e4rp\u00e5 f\u00f6ljde han mig upp p\u00e5 fj\u00e4llet f\u00f6r att titta p\u00e5 det rivna renarna. N\u00e4r vi kom upp p\u00e5 fj\u00e4llet fick jag syn p\u00e5 en r\u00e4v \u00f6ster om Fiskl\u00f6sj\u00f6n. Jag pekade d\u00e5 ut platsen d\u00e4r \u201cLill-M\u00e5nke\u201d kunde hitta renarna, medan jag b\u00f6rjar smyga mot r\u00e4ven. &nbsp;<\/p>\n\n\n\n<p>Just som jag h\u00f6ll p\u00e5 att komma i skottl\u00e4ge p\u00e5 den s\u00e5 h\u00f6rdes underliga l\u00e4ten v\u00e4st fr\u00e5n fj\u00e4llet dit lappen \u00e5kt. R\u00e4ven f\u00f6rsvann och jag v\u00e4nde \u00e5ter mot de varg rivna renarna. &nbsp;<\/p>\n\n\n\n<p>Ute p\u00e5 sj\u00f6n fick jag d\u00e5 h\u00f6ra ett underligt klagande l\u00e4te som steg och sj\u00f6nk i v\u00e5gor mellan fj\u00e4llen. Hade &nbsp;\u201cLill-M\u00e5nke&#8221; blivit sjuk eller tokig, t\u00e4nkte jag. Kommen n\u00e4rmare fick jag se \u201cLill-M\u00e5nke&#8221;&nbsp;fram\u00e5tb\u00f6jd \u00f6ver en vargriven ren. Han satt och klagade p\u00e5 ett besynnerligt, kusligt s\u00e4tt. Han verkade alldeles \u00f6ver sig av f\u00f6rtvivlan.&nbsp;<\/p>\n\n\n\n<p>Runt omkring honom l\u00e5g vargrivna renar i fj\u00e4llsluttningen. Blod, h\u00e5r och stycken av renarna var kringstr\u00f6dda vid lappen. \u00c5synen gjorde ett starkt intryck p\u00e5 mig och jag lovade mig sj\u00e4lv att nog skulle jag g\u00f6ra vad jag kunde f\u00f6r att decimera de blodt\u00f6rstiga odjuren.&nbsp;<\/p>\n\n\n\n<p>Efter en stund steg \u201cLill-M\u00e5nke&#8221;&nbsp;upp och sk\u00e4lvande blickade han omkring sig och s\u00e5g p\u00e5 vargarnas f\u00f6r\u00f6delse. Jag fr\u00e5gade d\u00e5 hur det var fatt med honom. Han sa d\u00e5 att han blivit s\u00e5 bedr\u00f6vad av att se de vargdr\u00e4pta&nbsp;renarna att han m\u00e5ste jojka en sorgen jojk \u00f6ver dem. Voj, voj, vilken olycka detta \u00e4r? Vilken straffdom som j\u00e4mt ska drabba lappen, sa han. &nbsp;<\/p>\n\n\n\n<p>Sedan jag talat om att han hade skr\u00e4mt r\u00e4ven f\u00f6r mig sa han att han ville f\u00f6lja mig och spana efter den. Vi \u00e5kte upp p\u00e5 fj\u00e4llet och fick se r\u00e4ven p\u00e5 mycket l\u00e5ngt h\u00e5ll. Jag st\u00e4llde siktet p\u00e5 500 m och sk\u00f6t, men skottet tog en bit under r\u00e4ven s\u00e5 sn\u00f6n slog upp. R\u00e4ven hoppade h\u00f6gt och s\u00e5g r\u00e5dvill ut.&nbsp;<\/p>\n\n\n\n<p>Ekot av skottet rullade mellan fj\u00e4lltopparna s\u00e5 den visste inte vart den skulle fly. \u201cLill-M\u00e5nke&#8221; tyckte jag var tokig som sk\u00f6t upp ammunitionen p\u00e5 s\u00e5 l\u00e5ngt skotth\u00e5ll. Jag st\u00e4ller dock upp siktet p\u00e5 600 m och h\u00f6ll en bit ovanf\u00f6r r\u00e4ven. N\u00e4r det andra skottet small hoppade r\u00e4ven till och f\u00f6ll d\u00f6d ner.<\/p>\n\n\n\n<p>\u201cLill-M\u00e5nke&#8221; var m\u00e4kta, imponerad och sa till mig: jo, jo, Olle. Nu ser jag nog att du kan skjuta. Jag har trott att du giftade ihj\u00e4l r\u00e4varna, men nu ser jag att du \u00e4r en bra skytt.&nbsp;<\/p>\n\n\n\n<p>Vargarna \u00e5terkom till Gitsfj\u00e4llet senare en g\u00e5ng, men jag f\u00f6rf\u00f6ljde dem och s\u00e5rade en av dem s\u00e5 de h\u00f6ll sig d\u00e4refter l\u00e4ngre v\u00e4sterut mot norska gr\u00e4nsen. &nbsp;<\/p>\n\n\n\n<p>Den vintern sk\u00f6ter jag sammanlagt 22 r\u00e4var i trakten av Gitsfj\u00e4llet. Skinnen tog jag med till marknaden i \u00c5sele d\u00e4r jag fick n\u00e4rmare ettusen sexhundra kronor f\u00f6r dem. P\u00e5 den tiden var pengarna flerdubbelt i v\u00e4rde mot vad de \u00e4r nu, s\u00e5 jag k\u00e4nde mig sm\u00e5tt f\u00f6rm\u00f6gen d\u00e5. Dessutom hade jag ju skjutit massor av f\u00e5gel, en lo&nbsp;och tv\u00e5 m\u00e5rdar den vintern.&nbsp;<\/p>\n<p>Visningar: 131<\/p>","protected":false},"excerpt":{"rendered":"<p>Vk 26juni 1968 av Olle Gr\u00f6nlund&nbsp; Vintern 1915 h\u00f6ll jag p\u00e5 med r\u00e4vjakt kring Gitsfj\u00e4ll och L\u00f6vsj\u00f6fj\u00e4llet. Priset p\u00e5 r\u00e4vskinn hade stigit till 70 &#8211;&hellip;<\/p>\n","protected":false},"author":1,"featured_media":0,"parent":128,"menu_order":6,"comment_status":"closed","ping_status":"closed","template":"","meta":{"ngg_post_thumbnail":0,"footnotes":""},"class_list":["post-1398","page","type-page","status-publish","hentry"],"_links":{"self":[{"href":"https:\/\/36256ryd.se\/minnen\/wp-json\/wp\/v2\/pages\/1398","targetHints":{"allow":["GET"]}}],"collection":[{"href":"https:\/\/36256ryd.se\/minnen\/wp-json\/wp\/v2\/pages"}],"about":[{"href":"https:\/\/36256ryd.se\/minnen\/wp-json\/wp\/v2\/types\/page"}],"author":[{"embeddable":true,"href":"https:\/\/36256ryd.se\/minnen\/wp-json\/wp\/v2\/users\/1"}],"replies":[{"embeddable":true,"href":"https:\/\/36256ryd.se\/minnen\/wp-json\/wp\/v2\/comments?post=1398"}],"version-history":[{"count":5,"href":"https:\/\/36256ryd.se\/minnen\/wp-json\/wp\/v2\/pages\/1398\/revisions"}],"predecessor-version":[{"id":1675,"href":"https:\/\/36256ryd.se\/minnen\/wp-json\/wp\/v2\/pages\/1398\/revisions\/1675"}],"up":[{"embeddable":true,"href":"https:\/\/36256ryd.se\/minnen\/wp-json\/wp\/v2\/pages\/128"}],"wp:attachment":[{"href":"https:\/\/36256ryd.se\/minnen\/wp-json\/wp\/v2\/media?parent=1398"}],"curies":[{"name":"wp","href":"https:\/\/api.w.org\/{rel}","templated":true}]}}