{"id":1466,"date":"2023-03-08T09:36:01","date_gmt":"2023-03-08T09:36:01","guid":{"rendered":"https:\/\/36256ryd.se\/minnen\/?page_id=1466"},"modified":"2023-03-08T09:43:31","modified_gmt":"2023-03-08T09:43:31","slug":"kjells-renmarke","status":"publish","type":"page","link":"https:\/\/36256ryd.se\/minnen\/kjell\/kjells-renmarke\/","title":{"rendered":"KJELLS RENM\u00c4RKE"},"content":{"rendered":"\n<p>Lill-M\u00e5nke gav dottern Elsa ett renm\u00e4rke och renar. D\u00e5 Elsa flyttat till Stockholm och gift sig med Jonny Carlsson \u00f6verl\u00e4t hon renm\u00e4rket och ett mindre antal renar till sonen Kjell.<\/p>\n\n\n\n<p>Renarna sk\u00f6ttes av Kjells morbror, Anders Blackfj\u00e4ll. I st\u00e4llet f\u00f6r betalning f\u00f6r sk\u00f6tseln arbetade Kjell vissa tider so rengetare hos Ante. L\u00e4s om detta i boken &#8221;Minnen fr\u00e5n Svansj\u00f6n&#8221; som kan laddas ner utan kostnad.<\/p>\n\n\n\n<div data-wp-interactive=\"core\/file\" class=\"wp-block-file\"><object data-wp-bind--hidden=\"!state.hasPdfPreview\" hidden class=\"wp-block-file__embed\" data=\"https:\/\/36256ryd.se\/minnen\/wp-content\/uploads\/2023\/03\/Kjell-Fjallstroms-renmarke.pdf\" type=\"application\/pdf\" style=\"width:100%;height:600px\" aria-label=\"Inb\u00e4ddning av Kjell-Fjallstroms-renmarke.\"><\/object><a id=\"wp-block-file--media-5a1bc45f-02f8-4ce5-9f48-acb188c2bdc2\" href=\"https:\/\/36256ryd.se\/minnen\/wp-content\/uploads\/2023\/03\/Kjell-Fjallstroms-renmarke.pdf\">Kjell-Fjallstroms-renmarke<\/a><a href=\"https:\/\/36256ryd.se\/minnen\/wp-content\/uploads\/2023\/03\/Kjell-Fjallstroms-renmarke.pdf\" class=\"wp-block-file__button wp-element-button\" download aria-describedby=\"wp-block-file--media-5a1bc45f-02f8-4ce5-9f48-acb188c2bdc2\">Ladda ner<\/a><\/div>\n\n\n\n<h2 class=\"wp-block-heading\">Kjells mor, Elsa, fick sitt renm\u00e4rke 1909<\/h2>\n\n\n\n<div data-wp-interactive=\"core\/file\" class=\"wp-block-file\"><object data-wp-bind--hidden=\"!state.hasPdfPreview\" hidden class=\"wp-block-file__embed\" data=\"https:\/\/36256ryd.se\/minnen\/wp-content\/uploads\/2023\/03\/Kjell-Fjallstroms-renmarke-2.pdf\" type=\"application\/pdf\" style=\"width:100%;height:600px\" aria-label=\"Inb\u00e4ddning av Kjell-Fjallstroms-renmarke-2.\"><\/object><a id=\"wp-block-file--media-a9d2cc7f-9e04-4857-b6c3-47f6a473b3ff\" href=\"https:\/\/36256ryd.se\/minnen\/wp-content\/uploads\/2023\/03\/Kjell-Fjallstroms-renmarke-2.pdf\">Kjell-Fjallstroms-renmarke-2<\/a><a href=\"https:\/\/36256ryd.se\/minnen\/wp-content\/uploads\/2023\/03\/Kjell-Fjallstroms-renmarke-2.pdf\" class=\"wp-block-file__button wp-element-button\" download aria-describedby=\"wp-block-file--media-a9d2cc7f-9e04-4857-b6c3-47f6a473b3ff\">Ladda ner<\/a><\/div>\n<p>Visningar: 86<\/p>","protected":false},"excerpt":{"rendered":"<p>Lill-M\u00e5nke gav dottern Elsa ett renm\u00e4rke och renar. D\u00e5 Elsa flyttat till Stockholm och gift sig med Jonny Carlsson \u00f6verl\u00e4t hon renm\u00e4rket och ett mindre&hellip;<\/p>\n","protected":false},"author":1,"featured_media":0,"parent":128,"menu_order":0,"comment_status":"closed","ping_status":"closed","template":"","meta":{"ngg_post_thumbnail":0,"footnotes":""},"class_list":["post-1466","page","type-page","status-publish","hentry"],"_links":{"self":[{"href":"https:\/\/36256ryd.se\/minnen\/wp-json\/wp\/v2\/pages\/1466","targetHints":{"allow":["GET"]}}],"collection":[{"href":"https:\/\/36256ryd.se\/minnen\/wp-json\/wp\/v2\/pages"}],"about":[{"href":"https:\/\/36256ryd.se\/minnen\/wp-json\/wp\/v2\/types\/page"}],"author":[{"embeddable":true,"href":"https:\/\/36256ryd.se\/minnen\/wp-json\/wp\/v2\/users\/1"}],"replies":[{"embeddable":true,"href":"https:\/\/36256ryd.se\/minnen\/wp-json\/wp\/v2\/comments?post=1466"}],"version-history":[{"count":3,"href":"https:\/\/36256ryd.se\/minnen\/wp-json\/wp\/v2\/pages\/1466\/revisions"}],"predecessor-version":[{"id":1473,"href":"https:\/\/36256ryd.se\/minnen\/wp-json\/wp\/v2\/pages\/1466\/revisions\/1473"}],"up":[{"embeddable":true,"href":"https:\/\/36256ryd.se\/minnen\/wp-json\/wp\/v2\/pages\/128"}],"wp:attachment":[{"href":"https:\/\/36256ryd.se\/minnen\/wp-json\/wp\/v2\/media?parent=1466"}],"curies":[{"name":"wp","href":"https:\/\/api.w.org\/{rel}","templated":true}]}}