{"id":160,"date":"2021-02-23T19:33:45","date_gmt":"2021-02-23T19:33:45","guid":{"rendered":"https:\/\/minnen.36256ryd.se\/?page_id=160"},"modified":"2023-11-01T20:42:30","modified_gmt":"2023-11-01T20:42:30","slug":"bilder","status":"publish","type":"page","link":"https:\/\/36256ryd.se\/minnen\/bilder\/","title":{"rendered":"FOTO"},"content":{"rendered":"\n<p>Kjell tog mycket bilder och jag uppskattar att det finns bort\u00e5t 1000 bilder fr\u00e5n Sapmi. Det kommer att ta tid att publicera och d\u00e4rf\u00f6r kanske det \u00e4r bra att \u00e5terkomma lite d\u00e5 och d\u00e5 f\u00f6r att se om det finns n\u00e5got nytt!<\/p>\n\n\n\n<div class=\"wp-block-media-text alignwide is-stacked-on-mobile\"><figure class=\"wp-block-media-text__media\"><img loading=\"lazy\" decoding=\"async\" width=\"600\" height=\"450\" src=\"https:\/\/36256ryd.se\/minnen\/wp-content\/uploads\/2021\/03\/teknik.jpg\" alt=\"\" class=\"wp-image-832 size-full\" srcset=\"https:\/\/36256ryd.se\/minnen\/wp-content\/uploads\/2021\/03\/teknik.jpg 600w, https:\/\/36256ryd.se\/minnen\/wp-content\/uploads\/2021\/03\/teknik-300x225.jpg 300w\" sizes=\"auto, (max-width: 600px) 100vw, 600px\" \/><\/figure><div class=\"wp-block-media-text__content\">\n<h2 class=\"wp-block-heading\">Teknik &#8211; Kjells bilder<\/h2>\n\n\n\n<div class=\"wp-block-group\"><div class=\"wp-block-group__inner-container is-layout-flow wp-block-group-is-layout-flow\">\n<p><strong>Kamera<\/strong>: Rolleiflex 6&#215;6 ink\u00f6pt 1951 \u00e4nnu fungerande!<\/p>\n<\/div><\/div>\n\n\n\n<p><strong>Skanner<\/strong>: Reflecta x120 som tyv\u00e4rr endast ger jpg-bilder i 4000 x 4000 dpi.<\/p>\n<\/div><\/div>\n\n\n\n<div class=\"wp-block-media-text alignwide is-stacked-on-mobile\"><figure class=\"wp-block-media-text__media\"><img loading=\"lazy\" decoding=\"async\" width=\"492\" height=\"480\" src=\"https:\/\/36256ryd.se\/minnen\/wp-content\/uploads\/2021\/02\/Nils-Mikael-Nilsson-i-rengarde-Stihken-Small.jpg\" alt=\"\" class=\"wp-image-421 size-full\" srcset=\"https:\/\/36256ryd.se\/minnen\/wp-content\/uploads\/2021\/02\/Nils-Mikael-Nilsson-i-rengarde-Stihken-Small.jpg 492w, https:\/\/36256ryd.se\/minnen\/wp-content\/uploads\/2021\/02\/Nils-Mikael-Nilsson-i-rengarde-Stihken-Small-300x293.jpg 300w\" sizes=\"auto, (max-width: 492px) 100vw, 492px\" \/><\/figure><div class=\"wp-block-media-text__content\">\n<h2 class=\"wp-block-heading\">Stihken reng\u00e4rde<\/h2>\n\n\n\n<p>Foto: Kjell Fj\u00e4llstr\u00f6m<\/p>\n\n\n\n<div class=\"wp-block-buttons is-layout-flex wp-block-buttons-is-layout-flex\">\n<div class=\"wp-block-button\"><a class=\"wp-block-button__link wp-element-button\" href=\"https:\/\/36256ryd.se\/minnen\/bilder\/rengardet-i-stihken\/\">Stihken<\/a><\/div>\n<\/div>\n<\/div><\/div>\n\n\n\n<hr class=\"wp-block-separator has-css-opacity\"\/>\n\n\n\n<div class=\"wp-block-media-text alignwide is-stacked-on-mobile\"><figure class=\"wp-block-media-text__media\"><img loading=\"lazy\" decoding=\"async\" width=\"448\" height=\"480\" src=\"https:\/\/36256ryd.se\/minnen\/wp-content\/uploads\/2021\/02\/Anders-Sjulsson-Daunefjall-ca-1957_08_1-Small.jpg\" alt=\"\" class=\"wp-image-423 size-full\" srcset=\"https:\/\/36256ryd.se\/minnen\/wp-content\/uploads\/2021\/02\/Anders-Sjulsson-Daunefjall-ca-1957_08_1-Small.jpg 448w, https:\/\/36256ryd.se\/minnen\/wp-content\/uploads\/2021\/02\/Anders-Sjulsson-Daunefjall-ca-1957_08_1-Small-280x300.jpg 280w, https:\/\/36256ryd.se\/minnen\/wp-content\/uploads\/2021\/02\/Anders-Sjulsson-Daunefjall-ca-1957_08_1-Small-300x321.jpg 300w\" sizes=\"auto, (max-width: 448px) 100vw, 448px\" \/><\/figure><div class=\"wp-block-media-text__content\">\n<h3 class=\"wp-block-heading\">Anders Sjulsson, Daunefj\u00e4ll<\/h3>\n\n\n\n<p>Foto: Kjell Fj\u00e4llstr\u00f6m<\/p>\n\n\n\n<div class=\"wp-block-buttons is-layout-flex wp-block-buttons-is-layout-flex\">\n<div class=\"wp-block-button\"><a class=\"wp-block-button__link wp-element-button\" href=\"https:\/\/36256ryd.se\/minnen\/bilder\/anders-sjulsson\/\">Ante<\/a><\/div>\n<\/div>\n<\/div><\/div>\n\n\n\n<hr class=\"wp-block-separator has-css-opacity\"\/>\n\n\n\n<div class=\"wp-block-media-text alignwide is-stacked-on-mobile\"><figure class=\"wp-block-media-text__media\"><img loading=\"lazy\" decoding=\"async\" width=\"480\" height=\"480\" src=\"https:\/\/36256ryd.se\/minnen\/wp-content\/uploads\/2021\/02\/Brollop-i-Fatmomakke-ca-1954-41.jpg\" alt=\"\" class=\"wp-image-424 size-full\" srcset=\"https:\/\/36256ryd.se\/minnen\/wp-content\/uploads\/2021\/02\/Brollop-i-Fatmomakke-ca-1954-41.jpg 480w, https:\/\/36256ryd.se\/minnen\/wp-content\/uploads\/2021\/02\/Brollop-i-Fatmomakke-ca-1954-41-300x300.jpg 300w, https:\/\/36256ryd.se\/minnen\/wp-content\/uploads\/2021\/02\/Brollop-i-Fatmomakke-ca-1954-41-150x150.jpg 150w\" sizes=\"auto, (max-width: 480px) 100vw, 480px\" \/><\/figure><div class=\"wp-block-media-text__content\">\n<h3 class=\"wp-block-heading\">Br\u00f6llop i Fatmomakke<\/h3>\n\n\n\n<p>Foto: Kjell Fj\u00e4llstr\u00f6m<\/p>\n\n\n\n<div class=\"wp-block-buttons is-layout-flex wp-block-buttons-is-layout-flex\">\n<div class=\"wp-block-button\"><a class=\"wp-block-button__link wp-element-button\" href=\"https:\/\/36256ryd.se\/minnen\/bilder\/brollop-i-fatmomakke\/\">Fatmomakke<\/a><\/div>\n<\/div>\n<\/div><\/div>\n\n\n\n<hr class=\"wp-block-separator has-css-opacity\"\/>\n\n\n\n<div class=\"wp-block-media-text alignwide is-stacked-on-mobile\"><figure class=\"wp-block-media-text__media\"><img loading=\"lazy\" decoding=\"async\" width=\"503\" height=\"480\" src=\"https:\/\/36256ryd.se\/minnen\/wp-content\/uploads\/2021\/02\/Paul-Klementsson-Kittelfjall.-Ransarviksgardet-ca-1960_resultat_resultat-Small.jpg\" alt=\"\" class=\"wp-image-425 size-full\" srcset=\"https:\/\/36256ryd.se\/minnen\/wp-content\/uploads\/2021\/02\/Paul-Klementsson-Kittelfjall.-Ransarviksgardet-ca-1960_resultat_resultat-Small.jpg 503w, https:\/\/36256ryd.se\/minnen\/wp-content\/uploads\/2021\/02\/Paul-Klementsson-Kittelfjall.-Ransarviksgardet-ca-1960_resultat_resultat-Small-300x286.jpg 300w\" sizes=\"auto, (max-width: 503px) 100vw, 503px\" \/><\/figure><div class=\"wp-block-media-text__content\">\n<h3 class=\"wp-block-heading\">Ransarg\u00e4rdet<\/h3>\n\n\n\n<p>Foto: Kjell Fj\u00e4llstr\u00f6m<\/p>\n\n\n\n<div class=\"wp-block-buttons is-layout-flex wp-block-buttons-is-layout-flex\">\n<div class=\"wp-block-button\"><a class=\"wp-block-button__link wp-element-button\" href=\"https:\/\/36256ryd.se\/minnen\/bilder\/ransargardet\/\">Ransarg\u00e4rdet<\/a><\/div>\n<\/div>\n<\/div><\/div>\n\n\n\n<hr class=\"wp-block-separator has-css-opacity\"\/>\n\n\n\n<div class=\"wp-block-media-text alignwide is-stacked-on-mobile\"><figure class=\"wp-block-media-text__media\"><img loading=\"lazy\" decoding=\"async\" width=\"506\" height=\"480\" src=\"https:\/\/36256ryd.se\/minnen\/wp-content\/uploads\/2021\/02\/Postbussen-mot-Storuman_resultat-Small.jpg\" alt=\"\" class=\"wp-image-426 size-full\" srcset=\"https:\/\/36256ryd.se\/minnen\/wp-content\/uploads\/2021\/02\/Postbussen-mot-Storuman_resultat-Small.jpg 506w, https:\/\/36256ryd.se\/minnen\/wp-content\/uploads\/2021\/02\/Postbussen-mot-Storuman_resultat-Small-300x285.jpg 300w\" sizes=\"auto, (max-width: 506px) 100vw, 506px\" \/><\/figure><div class=\"wp-block-media-text__content\">\n<h3 class=\"wp-block-heading\">Postbussen<\/h3>\n\n\n\n<p>Foto: Kjell Fj\u00e4llstr\u00f6m<\/p>\n\n\n\n<div class=\"wp-block-buttons is-layout-flex wp-block-buttons-is-layout-flex\">\n<div class=\"wp-block-button\"><a class=\"wp-block-button__link wp-element-button\" href=\"https:\/\/36256ryd.se\/minnen\/bilder\/postbussen\/\">Postbussen<\/a><\/div>\n<\/div>\n<\/div><\/div>\n\n\n\n<hr class=\"wp-block-separator has-css-opacity\"\/>\n\n\n\n<div class=\"wp-block-media-text alignwide is-stacked-on-mobile\"><figure class=\"wp-block-media-text__media\"><img loading=\"lazy\" decoding=\"async\" width=\"480\" height=\"480\" src=\"https:\/\/36256ryd.se\/minnen\/wp-content\/uploads\/2021\/02\/Svansjon-3-Small.jpg\" alt=\"\" class=\"wp-image-427 size-full\" srcset=\"https:\/\/36256ryd.se\/minnen\/wp-content\/uploads\/2021\/02\/Svansjon-3-Small.jpg 480w, https:\/\/36256ryd.se\/minnen\/wp-content\/uploads\/2021\/02\/Svansjon-3-Small-300x300.jpg 300w, https:\/\/36256ryd.se\/minnen\/wp-content\/uploads\/2021\/02\/Svansjon-3-Small-150x150.jpg 150w\" sizes=\"auto, (max-width: 480px) 100vw, 480px\" \/><\/figure><div class=\"wp-block-media-text__content\">\n<h3 class=\"wp-block-heading\">Svansj\u00f6bilder<\/h3>\n\n\n\n<p>Foto: Kjell Fj\u00e4llstr\u00f6m, Jonny Carlsson samt ok\u00e4nd<\/p>\n\n\n\n<div class=\"wp-block-buttons is-layout-flex wp-block-buttons-is-layout-flex\">\n<div class=\"wp-block-button\"><a class=\"wp-block-button__link wp-element-button\" href=\"https:\/\/36256ryd.se\/minnen\/bilder\/svansjobilder\/\">Svansj\u00f6n<\/a><\/div>\n<\/div>\n<\/div><\/div>\n\n\n\n<hr class=\"wp-block-separator has-css-opacity\"\/>\n\n\n\n<div class=\"wp-block-media-text alignwide is-stacked-on-mobile\"><figure class=\"wp-block-media-text__media\"><img loading=\"lazy\" decoding=\"async\" width=\"480\" height=\"480\" src=\"https:\/\/36256ryd.se\/minnen\/wp-content\/uploads\/2021\/02\/Fiskutplantering-i-Borkan-ca-1956-11.jpg\" alt=\"\" class=\"wp-image-583 size-full\" srcset=\"https:\/\/36256ryd.se\/minnen\/wp-content\/uploads\/2021\/02\/Fiskutplantering-i-Borkan-ca-1956-11.jpg 480w, https:\/\/36256ryd.se\/minnen\/wp-content\/uploads\/2021\/02\/Fiskutplantering-i-Borkan-ca-1956-11-300x300.jpg 300w, https:\/\/36256ryd.se\/minnen\/wp-content\/uploads\/2021\/02\/Fiskutplantering-i-Borkan-ca-1956-11-150x150.jpg 150w\" sizes=\"auto, (max-width: 480px) 100vw, 480px\" \/><\/figure><div class=\"wp-block-media-text__content\">\n<h3 class=\"wp-block-heading\">Fiskutplantering i Borkan<\/h3>\n\n\n\n<p>Foto: Kjell Fj\u00e4llstr\u00f6m<\/p>\n\n\n\n<div class=\"wp-block-buttons is-layout-flex wp-block-buttons-is-layout-flex\">\n<div class=\"wp-block-button\"><a class=\"wp-block-button__link wp-element-button\" href=\"https:\/\/36256ryd.se\/minnen\/fiskutplantering\/\">Fiskutplantering<\/a><\/div>\n<\/div>\n<\/div><\/div>\n\n\n\n<hr class=\"wp-block-separator has-css-opacity\"\/>\n\n\n\n<div class=\"wp-block-media-text alignwide is-stacked-on-mobile\"><figure class=\"wp-block-media-text__media\"><img loading=\"lazy\" decoding=\"async\" width=\"480\" height=\"480\" src=\"https:\/\/36256ryd.se\/minnen\/wp-content\/uploads\/2021\/02\/Spelmansstamma_Kittelfjalls-hotell_ca-1955-2.jpg\" alt=\"\" class=\"wp-image-621 size-full\" srcset=\"https:\/\/36256ryd.se\/minnen\/wp-content\/uploads\/2021\/02\/Spelmansstamma_Kittelfjalls-hotell_ca-1955-2.jpg 480w, https:\/\/36256ryd.se\/minnen\/wp-content\/uploads\/2021\/02\/Spelmansstamma_Kittelfjalls-hotell_ca-1955-2-300x300.jpg 300w, https:\/\/36256ryd.se\/minnen\/wp-content\/uploads\/2021\/02\/Spelmansstamma_Kittelfjalls-hotell_ca-1955-2-150x150.jpg 150w\" sizes=\"auto, (max-width: 480px) 100vw, 480px\" \/><\/figure><div class=\"wp-block-media-text__content\">\n<h3 class=\"wp-block-heading\">Spelmansst\u00e4mma<\/h3>\n\n\n\n<p>Foto: Kjell Fj\u00e4llstr\u00f6m<\/p>\n\n\n\n<div class=\"wp-block-buttons is-layout-flex wp-block-buttons-is-layout-flex\">\n<div class=\"wp-block-button\"><a class=\"wp-block-button__link wp-element-button\" href=\"https:\/\/36256ryd.se\/minnen\/bilder\/spelmansstamma\/\">Spelmansst\u00e4mma<\/a><\/div>\n<\/div>\n<\/div><\/div>\n\n\n\n<hr class=\"wp-block-separator has-css-opacity\"\/>\n\n\n\n<div class=\"wp-block-media-text alignwide is-stacked-on-mobile\"><figure class=\"wp-block-media-text__media\"><img loading=\"lazy\" decoding=\"async\" width=\"474\" height=\"480\" src=\"https:\/\/36256ryd.se\/minnen\/wp-content\/uploads\/2021\/02\/Skarmbildsundersokning_ca-1954-23.jpg\" alt=\"\" class=\"wp-image-639 size-full\" srcset=\"https:\/\/36256ryd.se\/minnen\/wp-content\/uploads\/2021\/02\/Skarmbildsundersokning_ca-1954-23.jpg 474w, https:\/\/36256ryd.se\/minnen\/wp-content\/uploads\/2021\/02\/Skarmbildsundersokning_ca-1954-23-296x300.jpg 296w, https:\/\/36256ryd.se\/minnen\/wp-content\/uploads\/2021\/02\/Skarmbildsundersokning_ca-1954-23-300x304.jpg 300w\" sizes=\"auto, (max-width: 474px) 100vw, 474px\" \/><\/figure><div class=\"wp-block-media-text__content\">\n<h3 class=\"wp-block-heading\">Sk\u00e4rmbildsunders\u00f6kning<\/h3>\n\n\n\n<p>Foto: Kjell Fj\u00e4llstr\u00f6m<\/p>\n\n\n\n<div class=\"wp-block-buttons is-layout-flex wp-block-buttons-is-layout-flex\">\n<div class=\"wp-block-button\"><a class=\"wp-block-button__link wp-element-button\" href=\"https:\/\/36256ryd.se\/minnen\/bilder\/skarmbildsundersokning\/\">Sk\u00e4rmbildsunders\u00f6kning<\/a><\/div>\n<\/div>\n<\/div><\/div>\n\n\n\n<hr class=\"wp-block-separator has-css-opacity\"\/>\n\n\n\n<div class=\"wp-block-media-text alignwide is-stacked-on-mobile\"><figure class=\"wp-block-media-text__media\"><img loading=\"lazy\" decoding=\"async\" width=\"480\" height=\"480\" src=\"https:\/\/36256ryd.se\/minnen\/wp-content\/uploads\/2021\/02\/Hasthamtning-infor-slatter-tidigt-1950-tal_-10.jpg\" alt=\"\" class=\"wp-image-660 size-full\" srcset=\"https:\/\/36256ryd.se\/minnen\/wp-content\/uploads\/2021\/02\/Hasthamtning-infor-slatter-tidigt-1950-tal_-10.jpg 480w, https:\/\/36256ryd.se\/minnen\/wp-content\/uploads\/2021\/02\/Hasthamtning-infor-slatter-tidigt-1950-tal_-10-300x300.jpg 300w, https:\/\/36256ryd.se\/minnen\/wp-content\/uploads\/2021\/02\/Hasthamtning-infor-slatter-tidigt-1950-tal_-10-150x150.jpg 150w\" sizes=\"auto, (max-width: 480px) 100vw, 480px\" \/><\/figure><div class=\"wp-block-media-text__content\">\n<h3 class=\"wp-block-heading\">H\u00e4sth\u00e4mtning<\/h3>\n\n\n\n<p>Foto: Kjell Fj\u00e4llstr\u00f6m<\/p>\n\n\n\n<div class=\"wp-block-buttons is-layout-flex wp-block-buttons-is-layout-flex\">\n<div class=\"wp-block-button\"><a class=\"wp-block-button__link wp-element-button\" href=\"https:\/\/36256ryd.se\/minnen\/bilder\/hastgetning\/\">H\u00e4sth\u00e4mtning<\/a><\/div>\n<\/div>\n<\/div><\/div>\n\n\n\n<hr class=\"wp-block-separator has-css-opacity\"\/>\n\n\n\n<div class=\"wp-block-media-text alignwide is-stacked-on-mobile\"><figure class=\"wp-block-media-text__media\"><img loading=\"lazy\" decoding=\"async\" width=\"480\" height=\"480\" src=\"https:\/\/36256ryd.se\/minnen\/wp-content\/uploads\/2021\/02\/Rodberg-Klimpen-Small.jpg\" alt=\"\" class=\"wp-image-670 size-full\" srcset=\"https:\/\/36256ryd.se\/minnen\/wp-content\/uploads\/2021\/02\/Rodberg-Klimpen-Small.jpg 480w, https:\/\/36256ryd.se\/minnen\/wp-content\/uploads\/2021\/02\/Rodberg-Klimpen-Small-300x300.jpg 300w, https:\/\/36256ryd.se\/minnen\/wp-content\/uploads\/2021\/02\/Rodberg-Klimpen-Small-150x150.jpg 150w\" sizes=\"auto, (max-width: 480px) 100vw, 480px\" \/><\/figure><div class=\"wp-block-media-text__content\">\n<h3 class=\"wp-block-heading\">R\u00f6berg<\/h3>\n\n\n\n<p>Foto: Kjell Fj\u00e4llstr\u00f6m<\/p>\n\n\n\n<div class=\"wp-block-buttons is-layout-flex wp-block-buttons-is-layout-flex\">\n<div class=\"wp-block-button\"><a class=\"wp-block-button__link wp-element-button\" href=\"https:\/\/36256ryd.se\/minnen\/bilder\/rodberg\/\">R\u00f6berg<\/a><\/div>\n<\/div>\n<\/div><\/div>\n\n\n\n<hr class=\"wp-block-separator has-css-opacity\"\/>\n\n\n\n<div class=\"wp-block-media-text alignwide is-stacked-on-mobile\"><figure class=\"wp-block-media-text__media\"><img loading=\"lazy\" decoding=\"async\" width=\"720\" height=\"480\" src=\"https:\/\/36256ryd.se\/minnen\/wp-content\/uploads\/2021\/02\/Sameskolan-i-Hakafot-ca-1948_04-Small.jpg\" alt=\"\" class=\"wp-image-686 size-full\" srcset=\"https:\/\/36256ryd.se\/minnen\/wp-content\/uploads\/2021\/02\/Sameskolan-i-Hakafot-ca-1948_04-Small.jpg 720w, https:\/\/36256ryd.se\/minnen\/wp-content\/uploads\/2021\/02\/Sameskolan-i-Hakafot-ca-1948_04-Small-300x200.jpg 300w\" sizes=\"auto, (max-width: 720px) 100vw, 720px\" \/><\/figure><div class=\"wp-block-media-text__content\">\n<h3 class=\"wp-block-heading\">H\u00e5kafot<\/h3>\n\n\n\n<p>Foto: Kjell Fj\u00e4llstr\u00f6m<\/p>\n\n\n\n<div class=\"wp-block-buttons is-layout-flex wp-block-buttons-is-layout-flex\">\n<div class=\"wp-block-button\"><a class=\"wp-block-button__link wp-element-button\" href=\"https:\/\/36256ryd.se\/minnen\/bilder\/hakafot\/\">Nomadskolan<\/a><\/div>\n<\/div>\n<\/div><\/div>\n\n\n\n<hr class=\"wp-block-separator has-css-opacity\"\/>\n\n\n\n<div class=\"wp-block-media-text alignwide is-stacked-on-mobile\"><figure class=\"wp-block-media-text__media\"><img loading=\"lazy\" decoding=\"async\" width=\"1024\" height=\"510\" src=\"https:\/\/36256ryd.se\/minnen\/wp-content\/uploads\/2021\/03\/Autostugan-20-tal_resultat.jpg\" alt=\"\" class=\"wp-image-1180 size-full\" srcset=\"https:\/\/36256ryd.se\/minnen\/wp-content\/uploads\/2021\/03\/Autostugan-20-tal_resultat.jpg 1024w, https:\/\/36256ryd.se\/minnen\/wp-content\/uploads\/2021\/03\/Autostugan-20-tal_resultat-300x149.jpg 300w, https:\/\/36256ryd.se\/minnen\/wp-content\/uploads\/2021\/03\/Autostugan-20-tal_resultat-768x383.jpg 768w, https:\/\/36256ryd.se\/minnen\/wp-content\/uploads\/2021\/03\/Autostugan-20-tal_resultat-850x423.jpg 850w\" sizes=\"auto, (max-width: 1024px) 100vw, 1024px\" \/><\/figure><div class=\"wp-block-media-text__content\">\n<h3 class=\"wp-block-heading\">Atostugan<\/h3>\n\n\n\n<p>Foto: Ok\u00e4nd, Kjell och Dan Fj\u00e4llstr\u00f6m<\/p>\n\n\n\n<div class=\"wp-block-buttons is-layout-flex wp-block-buttons-is-layout-flex\">\n<div class=\"wp-block-button is-style-fill\"><a class=\"wp-block-button__link has-black-background-color has-background wp-element-button\" href=\"https:\/\/36256ryd.se\/minnen\/bilder\/atostugan\/\">Atostugan<\/a><\/div>\n<\/div>\n\n\n\n<p>Fotograf: Ok\u00e4nd<\/p>\n<\/div><\/div>\n\n\n\n<hr class=\"wp-block-separator has-css-opacity\"\/>\n\n\n\n<div class=\"wp-block-media-text alignwide is-stacked-on-mobile\"><figure class=\"wp-block-media-text__media\"><img loading=\"lazy\" decoding=\"async\" width=\"707\" height=\"480\" src=\"https:\/\/36256ryd.se\/minnen\/wp-content\/uploads\/2021\/02\/Atostugan-1_resultat-Small.jpg\" alt=\"\" class=\"wp-image-723 size-full\" srcset=\"https:\/\/36256ryd.se\/minnen\/wp-content\/uploads\/2021\/02\/Atostugan-1_resultat-Small.jpg 707w, https:\/\/36256ryd.se\/minnen\/wp-content\/uploads\/2021\/02\/Atostugan-1_resultat-Small-300x204.jpg 300w\" sizes=\"auto, (max-width: 707px) 100vw, 707px\" \/><\/figure><div class=\"wp-block-media-text__content\">\n<h3 class=\"wp-block-heading\">Nomadskola<\/h3>\n\n\n\n<p>Foto: Ok\u00e4nd<\/p>\n\n\n\n<p>Atostugan, Oltoken och Vielmesmakke<\/p>\n\n\n\n<div class=\"wp-block-buttons is-layout-flex wp-block-buttons-is-layout-flex\">\n<div class=\"wp-block-button\"><a class=\"wp-block-button__link wp-element-button\" href=\"https:\/\/36256ryd.se\/minnen\/bilder\/nomadskola\/\">Nomadskola<\/a><\/div>\n<\/div>\n<\/div><\/div>\n\n\n\n<hr class=\"wp-block-separator has-css-opacity\"\/>\n\n\n\n<div class=\"wp-block-media-text alignwide is-stacked-on-mobile\"><figure class=\"wp-block-media-text__media\"><img loading=\"lazy\" decoding=\"async\" width=\"605\" height=\"480\" src=\"https:\/\/36256ryd.se\/minnen\/wp-content\/uploads\/2021\/02\/Hogfjallskonferensen-i-Fattjaure-ca-1955-12.jpg\" alt=\"\" class=\"wp-image-741 size-full\" srcset=\"https:\/\/36256ryd.se\/minnen\/wp-content\/uploads\/2021\/02\/Hogfjallskonferensen-i-Fattjaure-ca-1955-12.jpg 605w, https:\/\/36256ryd.se\/minnen\/wp-content\/uploads\/2021\/02\/Hogfjallskonferensen-i-Fattjaure-ca-1955-12-300x238.jpg 300w\" sizes=\"auto, (max-width: 605px) 100vw, 605px\" \/><\/figure><div class=\"wp-block-media-text__content\">\n<h3 class=\"wp-block-heading\">H\u00f6gfj\u00e4llskonferensen<\/h3>\n\n\n\n<p>Foto: Kjell Fj\u00e4llstr\u00f6m<\/p>\n\n\n\n<div class=\"wp-block-buttons is-layout-flex wp-block-buttons-is-layout-flex\">\n<div class=\"wp-block-button\"><a class=\"wp-block-button__link wp-element-button\" href=\"https:\/\/36256ryd.se\/minnen\/bilder\/hogjallskonferens\/\">H\u00f6gfj\u00e4llskonferensen<\/a><\/div>\n<\/div>\n<\/div><\/div>\n\n\n\n<hr class=\"wp-block-separator has-css-opacity\"\/>\n\n\n\n<div class=\"wp-block-media-text alignwide is-stacked-on-mobile\"><figure class=\"wp-block-media-text__media\"><img loading=\"lazy\" decoding=\"async\" width=\"543\" height=\"600\" src=\"https:\/\/36256ryd.se\/minnen\/wp-content\/uploads\/2021\/03\/Nasaren-4_resultat.jpg\" alt=\"\" class=\"wp-image-798 size-full\" srcset=\"https:\/\/36256ryd.se\/minnen\/wp-content\/uploads\/2021\/03\/Nasaren-4_resultat.jpg 543w, https:\/\/36256ryd.se\/minnen\/wp-content\/uploads\/2021\/03\/Nasaren-4_resultat-272x300.jpg 272w, https:\/\/36256ryd.se\/minnen\/wp-content\/uploads\/2021\/03\/Nasaren-4_resultat-300x331.jpg 300w\" sizes=\"auto, (max-width: 543px) 100vw, 543px\" \/><\/figure><div class=\"wp-block-media-text__content\">\n<h3 class=\"wp-block-heading\">Nasaren<\/h3>\n\n\n\n<p>Foto: Dan Fj\u00e4llstr\u00f6m<\/p>\n\n\n\n<div class=\"wp-block-buttons is-layout-flex wp-block-buttons-is-layout-flex\">\n<div class=\"wp-block-button\"><a class=\"wp-block-button__link wp-element-button\" href=\"https:\/\/36256ryd.se\/minnen\/bilder\/nasaren\/\">Nasaren<\/a><\/div>\n<\/div>\n<\/div><\/div>\n\n\n\n<hr class=\"wp-block-separator has-css-opacity\"\/>\n\n\n\n<div class=\"wp-block-media-text alignwide is-stacked-on-mobile\"><figure class=\"wp-block-media-text__media\"><img loading=\"lazy\" decoding=\"async\" width=\"969\" height=\"768\" src=\"https:\/\/36256ryd.se\/minnen\/wp-content\/uploads\/2021\/04\/Badtur-Fattjaure-1940-talet_06.jpg\" alt=\"\" class=\"wp-image-1198 size-full\" srcset=\"https:\/\/36256ryd.se\/minnen\/wp-content\/uploads\/2021\/04\/Badtur-Fattjaure-1940-talet_06.jpg 969w, https:\/\/36256ryd.se\/minnen\/wp-content\/uploads\/2021\/04\/Badtur-Fattjaure-1940-talet_06-300x238.jpg 300w, https:\/\/36256ryd.se\/minnen\/wp-content\/uploads\/2021\/04\/Badtur-Fattjaure-1940-talet_06-768x609.jpg 768w, https:\/\/36256ryd.se\/minnen\/wp-content\/uploads\/2021\/04\/Badtur-Fattjaure-1940-talet_06-850x674.jpg 850w\" sizes=\"auto, (max-width: 969px) 100vw, 969px\" \/><\/figure><div class=\"wp-block-media-text__content\">\n<h3 class=\"wp-block-heading\">Badtur till F\u00e4ttjaure<\/h3>\n\n\n\n<p>Foto: Kjell Fj\u00e4llstr\u00f6m<\/p>\n\n\n\n<div class=\"wp-block-buttons is-layout-flex wp-block-buttons-is-layout-flex\">\n<div class=\"wp-block-button\"><a class=\"wp-block-button__link wp-element-button\" href=\"https:\/\/36256ryd.se\/minnen\/bilder\/bad-i-fattjaure\/\">Badtur<\/a><\/div>\n<\/div>\n<\/div><\/div>\n\n\n\n<hr class=\"wp-block-separator has-css-opacity\"\/>\n<p>Visningar: 602<\/p>","protected":false},"excerpt":{"rendered":"<p>Kjell tog mycket bilder och jag uppskattar att det finns bort\u00e5t 1000 bilder fr\u00e5n Sapmi. Det kommer att ta tid att publicera och d\u00e4rf\u00f6r kanske&hellip;<\/p>\n","protected":false},"author":1,"featured_media":0,"parent":0,"menu_order":5,"comment_status":"closed","ping_status":"closed","template":"","meta":{"ngg_post_thumbnail":0,"footnotes":""},"class_list":["post-160","page","type-page","status-publish","hentry"],"_links":{"self":[{"href":"https:\/\/36256ryd.se\/minnen\/wp-json\/wp\/v2\/pages\/160","targetHints":{"allow":["GET"]}}],"collection":[{"href":"https:\/\/36256ryd.se\/minnen\/wp-json\/wp\/v2\/pages"}],"about":[{"href":"https:\/\/36256ryd.se\/minnen\/wp-json\/wp\/v2\/types\/page"}],"author":[{"embeddable":true,"href":"https:\/\/36256ryd.se\/minnen\/wp-json\/wp\/v2\/users\/1"}],"replies":[{"embeddable":true,"href":"https:\/\/36256ryd.se\/minnen\/wp-json\/wp\/v2\/comments?post=160"}],"version-history":[{"count":26,"href":"https:\/\/36256ryd.se\/minnen\/wp-json\/wp\/v2\/pages\/160\/revisions"}],"predecessor-version":[{"id":1478,"href":"https:\/\/36256ryd.se\/minnen\/wp-json\/wp\/v2\/pages\/160\/revisions\/1478"}],"wp:attachment":[{"href":"https:\/\/36256ryd.se\/minnen\/wp-json\/wp\/v2\/media?parent=160"}],"curies":[{"name":"wp","href":"https:\/\/api.w.org\/{rel}","templated":true}]}}