{"id":1666,"date":"2025-02-15T12:53:41","date_gmt":"2025-02-15T12:53:41","guid":{"rendered":"https:\/\/36256ryd.se\/minnen\/?page_id=1666"},"modified":"2025-02-15T13:33:16","modified_gmt":"2025-02-15T13:33:16","slug":"saker-fran-svansjon","status":"publish","type":"page","link":"https:\/\/36256ryd.se\/minnen\/kjell\/saker-fran-svansjon\/","title":{"rendered":"HITTAT I SVANSJ\u00d6N"},"content":{"rendered":"\n<p>Under ett bes\u00f6k i Svansj\u00f6n i b\u00f6rjan p\u00e5 1950-talet hittade Kjell ett par gamla saker som kastats bort. De l\u00e5g vid husgrunden p\u00e5 baksidan och hade klarat tidens tand. <\/p>\n\n\n\n<h2 class=\"wp-block-heading\">Renost-form<\/h2>\n\n\n\n<p>Denna ostform mindes han att farmor, Anna-Sara, anv\u00e4nde d\u00e5 hon gjorde ost av renmj\u00f6lk. Han mindes att hon ber\u00e4ttat att hennes mor, Elsa-Britta p\u00e5 Blaikfj\u00e4ll, anv\u00e4nt den.<\/p>\n\n\n\n<figure class=\"wp-block-image size-large\"><img loading=\"lazy\" decoding=\"async\" width=\"950\" height=\"1024\" src=\"https:\/\/36256ryd.se\/minnen\/wp-content\/uploads\/2025\/02\/Renostform3-950x1024.jpg\" alt=\"\" class=\"wp-image-1667\" srcset=\"https:\/\/36256ryd.se\/minnen\/wp-content\/uploads\/2025\/02\/Renostform3-950x1024.jpg 950w, https:\/\/36256ryd.se\/minnen\/wp-content\/uploads\/2025\/02\/Renostform3-278x300.jpg 278w, https:\/\/36256ryd.se\/minnen\/wp-content\/uploads\/2025\/02\/Renostform3-768x828.jpg 768w, https:\/\/36256ryd.se\/minnen\/wp-content\/uploads\/2025\/02\/Renostform3-1424x1536.jpg 1424w, https:\/\/36256ryd.se\/minnen\/wp-content\/uploads\/2025\/02\/Renostform3-1899x2048.jpg 1899w, https:\/\/36256ryd.se\/minnen\/wp-content\/uploads\/2025\/02\/Renostform3-300x323.jpg 300w, https:\/\/36256ryd.se\/minnen\/wp-content\/uploads\/2025\/02\/Renostform3-850x917.jpg 850w, https:\/\/36256ryd.se\/minnen\/wp-content\/uploads\/2025\/02\/Renostform3.jpg 1966w\" sizes=\"auto, (max-width: 950px) 100vw, 950px\" \/><\/figure>\n\n\n\n<figure class=\"wp-block-image size-large\"><img loading=\"lazy\" decoding=\"async\" width=\"771\" height=\"1024\" src=\"https:\/\/36256ryd.se\/minnen\/wp-content\/uploads\/2025\/02\/Renostform-771x1024.jpg\" alt=\"\" class=\"wp-image-1668\" srcset=\"https:\/\/36256ryd.se\/minnen\/wp-content\/uploads\/2025\/02\/Renostform-771x1024.jpg 771w, https:\/\/36256ryd.se\/minnen\/wp-content\/uploads\/2025\/02\/Renostform-226x300.jpg 226w, https:\/\/36256ryd.se\/minnen\/wp-content\/uploads\/2025\/02\/Renostform-768x1020.jpg 768w, https:\/\/36256ryd.se\/minnen\/wp-content\/uploads\/2025\/02\/Renostform-1157x1536.jpg 1157w, https:\/\/36256ryd.se\/minnen\/wp-content\/uploads\/2025\/02\/Renostform-1542x2048.jpg 1542w, https:\/\/36256ryd.se\/minnen\/wp-content\/uploads\/2025\/02\/Renostform-300x398.jpg 300w, https:\/\/36256ryd.se\/minnen\/wp-content\/uploads\/2025\/02\/Renostform-850x1129.jpg 850w, https:\/\/36256ryd.se\/minnen\/wp-content\/uploads\/2025\/02\/Renostform-scaled.jpg 1928w\" sizes=\"auto, (max-width: 771px) 100vw, 771px\" \/><\/figure>\n\n\n\n<h2 class=\"wp-block-heading\">Kaffekvarn<\/h2>\n\n\n\n<p>Denna kaffekvarn anv\u00e4ndes d\u00e5 Kjell bodde hos Lill-M\u00e5nke och Anna-Sara.<\/p>\n\n\n\n<figure class=\"wp-block-image size-large\"><img loading=\"lazy\" decoding=\"async\" width=\"1024\" height=\"683\" src=\"https:\/\/36256ryd.se\/minnen\/wp-content\/uploads\/2025\/02\/Kaffekvarn-2-Stor-1024x683.jpg\" alt=\"\" class=\"wp-image-1669\" srcset=\"https:\/\/36256ryd.se\/minnen\/wp-content\/uploads\/2025\/02\/Kaffekvarn-2-Stor-1024x683.jpg 1024w, https:\/\/36256ryd.se\/minnen\/wp-content\/uploads\/2025\/02\/Kaffekvarn-2-Stor-300x200.jpg 300w, https:\/\/36256ryd.se\/minnen\/wp-content\/uploads\/2025\/02\/Kaffekvarn-2-Stor-768x512.jpg 768w, https:\/\/36256ryd.se\/minnen\/wp-content\/uploads\/2025\/02\/Kaffekvarn-2-Stor-1536x1024.jpg 1536w, https:\/\/36256ryd.se\/minnen\/wp-content\/uploads\/2025\/02\/Kaffekvarn-2-Stor-850x567.jpg 850w, https:\/\/36256ryd.se\/minnen\/wp-content\/uploads\/2025\/02\/Kaffekvarn-2-Stor.jpg 1620w\" sizes=\"auto, (max-width: 1024px) 100vw, 1024px\" \/><\/figure>\n\n\n\n<figure class=\"wp-block-image size-large\"><img loading=\"lazy\" decoding=\"async\" width=\"1024\" height=\"926\" src=\"https:\/\/36256ryd.se\/minnen\/wp-content\/uploads\/2025\/02\/Kaffekvarn-1-Stor-1024x926.jpg\" alt=\"\" class=\"wp-image-1670\" srcset=\"https:\/\/36256ryd.se\/minnen\/wp-content\/uploads\/2025\/02\/Kaffekvarn-1-Stor-1024x926.jpg 1024w, https:\/\/36256ryd.se\/minnen\/wp-content\/uploads\/2025\/02\/Kaffekvarn-1-Stor-300x271.jpg 300w, https:\/\/36256ryd.se\/minnen\/wp-content\/uploads\/2025\/02\/Kaffekvarn-1-Stor-768x695.jpg 768w, https:\/\/36256ryd.se\/minnen\/wp-content\/uploads\/2025\/02\/Kaffekvarn-1-Stor-850x769.jpg 850w, https:\/\/36256ryd.se\/minnen\/wp-content\/uploads\/2025\/02\/Kaffekvarn-1-Stor.jpg 1194w\" sizes=\"auto, (max-width: 1024px) 100vw, 1024px\" \/><\/figure>\n<p>Visningar: 16<\/p>","protected":false},"excerpt":{"rendered":"<p>Under ett bes\u00f6k i Svansj\u00f6n i b\u00f6rjan p\u00e5 1950-talet hittade Kjell ett par gamla saker som kastats bort. De l\u00e5g vid husgrunden p\u00e5 baksidan och&hellip;<\/p>\n","protected":false},"author":1,"featured_media":0,"parent":128,"menu_order":0,"comment_status":"closed","ping_status":"closed","template":"","meta":{"ngg_post_thumbnail":0,"footnotes":""},"class_list":["post-1666","page","type-page","status-publish","hentry"],"_links":{"self":[{"href":"https:\/\/36256ryd.se\/minnen\/wp-json\/wp\/v2\/pages\/1666","targetHints":{"allow":["GET"]}}],"collection":[{"href":"https:\/\/36256ryd.se\/minnen\/wp-json\/wp\/v2\/pages"}],"about":[{"href":"https:\/\/36256ryd.se\/minnen\/wp-json\/wp\/v2\/types\/page"}],"author":[{"embeddable":true,"href":"https:\/\/36256ryd.se\/minnen\/wp-json\/wp\/v2\/users\/1"}],"replies":[{"embeddable":true,"href":"https:\/\/36256ryd.se\/minnen\/wp-json\/wp\/v2\/comments?post=1666"}],"version-history":[{"count":4,"href":"https:\/\/36256ryd.se\/minnen\/wp-json\/wp\/v2\/pages\/1666\/revisions"}],"predecessor-version":[{"id":1678,"href":"https:\/\/36256ryd.se\/minnen\/wp-json\/wp\/v2\/pages\/1666\/revisions\/1678"}],"up":[{"embeddable":true,"href":"https:\/\/36256ryd.se\/minnen\/wp-json\/wp\/v2\/pages\/128"}],"wp:attachment":[{"href":"https:\/\/36256ryd.se\/minnen\/wp-json\/wp\/v2\/media?parent=1666"}],"curies":[{"name":"wp","href":"https:\/\/api.w.org\/{rel}","templated":true}]}}