{"id":167,"date":"2021-02-23T19:47:11","date_gmt":"2021-02-23T19:47:11","guid":{"rendered":"https:\/\/minnen.36256ryd.se\/?page_id=167"},"modified":"2021-03-28T14:21:15","modified_gmt":"2021-03-28T14:21:15","slug":"anders-sjulsson","status":"publish","type":"page","link":"https:\/\/36256ryd.se\/minnen\/bilder\/anders-sjulsson\/","title":{"rendered":"ANDERS SJULSSON"},"content":{"rendered":"\n<p>1957 kom Anders Sjulsson till Storbacken och kom \u00f6verens med Kjell om att han skulle komma \u00f6ver till honom f\u00f6r att ta en serie bilder. Dessa skulle han skicka till sin syster.<\/p>\n\n\n\n<p>Kjell och jag, d\u00e5 7 \u00e5r gammal, gick \u00f6ver fj\u00e4llet till han bos\u00e4ttning. Bilderna togs och det \u00e4r ett h\u00e4rligt minne.<\/p>\n\n\n\nngg_shortcode_0_placeholder\n\n\n\n<div class=\"wp-block-media-text alignwide is-stacked-on-mobile\"><figure class=\"wp-block-media-text__media\"><img loading=\"lazy\" decoding=\"async\" width=\"214\" height=\"266\" src=\"https:\/\/36256ryd.se\/minnen\/wp-content\/uploads\/2021\/02\/Sydsamer.png\" alt=\"\" class=\"wp-image-452 size-full\"\/><\/figure><div class=\"wp-block-media-text__content\">\n<p>En av Kjells bilder har olovande anv\u00e4nts av en f\u00f6rfattare d\u00e4r denne inte heller angivit vem som tagit bilden. <\/p>\n\n\n\n<p>Pga av detta har jag vattenst\u00e4mplat bilderna p\u00e5 Ante.<\/p>\n<\/div><\/div>\n\n\n\n<p><\/p>\n<p>Visningar: 200<\/p>","protected":false},"excerpt":{"rendered":"<p>1957 kom Anders Sjulsson till Storbacken och kom \u00f6verens med Kjell om att han skulle komma \u00f6ver till honom f\u00f6r att ta en serie bilder.&hellip;<\/p>\n","protected":false},"author":1,"featured_media":0,"parent":160,"menu_order":1,"comment_status":"open","ping_status":"closed","template":"","meta":{"ngg_post_thumbnail":0,"footnotes":""},"class_list":["post-167","page","type-page","status-publish","hentry"],"_links":{"self":[{"href":"https:\/\/36256ryd.se\/minnen\/wp-json\/wp\/v2\/pages\/167","targetHints":{"allow":["GET"]}}],"collection":[{"href":"https:\/\/36256ryd.se\/minnen\/wp-json\/wp\/v2\/pages"}],"about":[{"href":"https:\/\/36256ryd.se\/minnen\/wp-json\/wp\/v2\/types\/page"}],"author":[{"embeddable":true,"href":"https:\/\/36256ryd.se\/minnen\/wp-json\/wp\/v2\/users\/1"}],"replies":[{"embeddable":true,"href":"https:\/\/36256ryd.se\/minnen\/wp-json\/wp\/v2\/comments?post=167"}],"version-history":[{"count":4,"href":"https:\/\/36256ryd.se\/minnen\/wp-json\/wp\/v2\/pages\/167\/revisions"}],"predecessor-version":[{"id":857,"href":"https:\/\/36256ryd.se\/minnen\/wp-json\/wp\/v2\/pages\/167\/revisions\/857"}],"up":[{"embeddable":true,"href":"https:\/\/36256ryd.se\/minnen\/wp-json\/wp\/v2\/pages\/160"}],"wp:attachment":[{"href":"https:\/\/36256ryd.se\/minnen\/wp-json\/wp\/v2\/media?parent=167"}],"curies":[{"name":"wp","href":"https:\/\/api.w.org\/{rel}","templated":true}]}}