{"id":1735,"date":"2025-11-16T15:24:17","date_gmt":"2025-11-16T15:24:17","guid":{"rendered":"https:\/\/36256ryd.se\/minnen\/?page_id=1735"},"modified":"2025-11-16T15:27:10","modified_gmt":"2025-11-16T15:27:10","slug":"stor-tomas-vallen","status":"publish","type":"page","link":"https:\/\/36256ryd.se\/minnen\/stor-tomas-vallen\/","title":{"rendered":"STOR-TOMAS VALLEN"},"content":{"rendered":"\n<figure class=\"wp-block-image size-large\"><img loading=\"lazy\" decoding=\"async\" width=\"1024\" height=\"980\" src=\"https:\/\/36256ryd.se\/minnen\/wp-content\/uploads\/2025\/11\/Karta-1024x980.png\" alt=\"\" class=\"wp-image-1736\" srcset=\"https:\/\/36256ryd.se\/minnen\/wp-content\/uploads\/2025\/11\/Karta-1024x980.png 1024w, https:\/\/36256ryd.se\/minnen\/wp-content\/uploads\/2025\/11\/Karta-300x287.png 300w, https:\/\/36256ryd.se\/minnen\/wp-content\/uploads\/2025\/11\/Karta-768x735.png 768w, https:\/\/36256ryd.se\/minnen\/wp-content\/uploads\/2025\/11\/Karta-1536x1470.png 1536w, https:\/\/36256ryd.se\/minnen\/wp-content\/uploads\/2025\/11\/Karta.png 1625w\" sizes=\"auto, (max-width: 1024px) 100vw, 1024px\" \/><\/figure>\n\n\n\n<p>Vallen har f\u00e5tt namnet efter den siste brukaren, samen Tomas Fj\u00e4llstr\u00f6m, kallad \u201dStorTomas\u201d, f\u00f6dd 1853. Han k\u00f6pte d\u00e4r ett lappskatteland av Thoma Zakrisson, Svansj\u00f6landet.<\/p>\n\n\n\n<figure class=\"wp-block-image size-full\"><img loading=\"lazy\" decoding=\"async\" width=\"835\" height=\"959\" src=\"https:\/\/36256ryd.se\/minnen\/wp-content\/uploads\/2025\/11\/StorTomas.png\" alt=\"\" class=\"wp-image-1737\" srcset=\"https:\/\/36256ryd.se\/minnen\/wp-content\/uploads\/2025\/11\/StorTomas.png 835w, https:\/\/36256ryd.se\/minnen\/wp-content\/uploads\/2025\/11\/StorTomas-261x300.png 261w, https:\/\/36256ryd.se\/minnen\/wp-content\/uploads\/2025\/11\/StorTomas-768x882.png 768w\" sizes=\"auto, (max-width: 835px) 100vw, 835px\" \/><\/figure>\n\n\n\n<p>F\u00f6rutom rensk\u00f6tseln b\u00f6rjade Stor-Tomas med \u00e5kerbruk och kreaturssk\u00f6tsel. Han l\u00e4t ocks\u00e5 dika ut tv\u00e5 myrar f\u00f6r vallodling. Dessutom bedrev han fiske i Bielitesj\u00f6n.<\/p>\n\n\n\n<p>Tomasvallens nordostliga sluttningar l\u00e4mpade sig inte f\u00f6r odling, varf\u00f6r Stor-Tomas \u00f6vergav Tomasvallen och k\u00f6pte sig ett b\u00e4ttre hemman i Saxn\u00e4s 1927. Lapprutan, det vill s\u00e4ga fastigheten Bielite 1:1, blev \u00f6de och i kronans \u00e4go 1957.<\/p>\n\n\n\n<p>Sammanfattningsvis, kan man s\u00e4ga att omr\u00e5det hade sin st\u00f6rsta betydelse under den in tensiva rensk\u00f6tselns tid. Det vill s\u00e4ga n\u00e4r man umgicks med renarna och mj\u00f6lkade ren korna. N\u00e4r detta upph\u00f6rde, fick merna bara behov av reng\u00e5r merna bara behov av reng\u00e4r m\u00e4rkning och slakt<\/p>\n\n\n\n<h2 class=\"wp-block-heading\">Lill-M\u00e5nke<\/h2>\n\n\n\n<p>Stor-Tomas hade en bror, Lill-M\u00e5nke. Han hette Magnus Fj\u00e4llstr\u00f6m och bodde 13-14 kilometer d\u00e4rifr\u00e5n, p\u00e5 en fj\u00e4ll\u00e4genhet i Svansj\u00f6n p\u00e5 s\u00f6dra si Gitsfj\u00e4llet, men med betydb\u00e4ttre f\u00f6rh\u00e5llanden. Han var broderns raka motsats, vad l\u00e4ngden betr\u00e4ffar. Lill-M\u00e5nke s\u00e4gs ha varit endast 137 centimeter l\u00e5ng.<\/p>\n\n\n\n<figure class=\"wp-block-image size-full\"><img loading=\"lazy\" decoding=\"async\" width=\"238\" height=\"409\" src=\"https:\/\/36256ryd.se\/minnen\/wp-content\/uploads\/2021\/02\/Lill-Manke-20-ar.jpg\" alt=\"\" class=\"wp-image-360\" srcset=\"https:\/\/36256ryd.se\/minnen\/wp-content\/uploads\/2021\/02\/Lill-Manke-20-ar.jpg 238w, https:\/\/36256ryd.se\/minnen\/wp-content\/uploads\/2021\/02\/Lill-Manke-20-ar-175x300.jpg 175w\" sizes=\"auto, (max-width: 238px) 100vw, 238px\" \/><\/figure>\n\n\n\n<h2 class=\"wp-block-heading\">F\u00f6rsta bes\u00f6ket<\/h2>\n\n\n\n<p>Mitt f\u00f6rsta bes\u00f6k p\u00e5 Tomasvallen var 1923, med morfar Lill-Magnus Fj\u00e4llstr\u00f6m fr\u00e5n Svansj\u00f6n, bror till Stor-Tomas. Vid det tillf\u00e4llet var jag med p\u00e5 reng\u00e4rdet, skiljningen och bodde med m\u00e5nga i Anders Blackfj\u00e4lls k\u00e5ta.<\/p>\n\n\n\n<p>Som yngling gick jag f\u00f6rbi m\u00e5nga g\u00e5nger och fann det intressant. Jag bodde ocks\u00e5 d\u00e4r n\u00e5gon vecka under h\u00f6stflytt ingen 1936, som dr\u00e4ng hos morbror Thomas Fj\u00e4llstr\u00f6m.<\/p>\n\n\n\n<h2 class=\"wp-block-heading\">P\u00e5 skuggsidan<\/h2>\n\n\n\n<p>Jag har m\u00e5nga g\u00e5nger vandrat f\u00f6rbi Irkehbilen (Skuggsidan av Gitsfj\u00e4llet), Saxn\u00e4s-Aajjans k\u00e5taviste.<\/p>\n\n\n\n<p>N\u00e4r jag som 13-16 \u00e5ring vandra de f\u00f6rbi, var den gamla vallen med stolpboden och k\u00e5tan, i djupt f\u00f6rfall. Sm\u00e5bj\u00f6rken v\u00e4xte s\u00e5 t\u00e4tt och tjockt, att man i sista turerna inte kunde uppt\u00e4cka k\u00e5tan och den timrade ladug\u00e5rden.<\/p>\n\n\n\n<p>H\u00e4rbret p\u00e5 stolparna, s\u00e5g man dock \u00f6st i backarna. D\u00f6rren stod alltid \u00f6ppen och gjorde ett mycket dystert, oh\u00f6ljsamt intryck<\/p>\n\n\n\n<p>En g\u00e5ng var jag uppe och inne i h\u00e4rbret. Det stod en gammal stege upp till d\u00f6rren. Inne i boden fanns en del gamla saker. \u00d6ver en stock som gick v\u00e4ggar emellan, h\u00e4ngde ett par gamla dragselar, som ju anv\u00e4nds vid flyttning vintertid. Rentjuren (r\u00e5ntjon) selades och drog sen en ackja (gierethse).<\/p>\n\n\n\n<p>I en raid vid den tiden, ingick ett flertal ackjor, 1-5 stycken, samt en speciell ackja utan l\u00e4hko (bakstycket i ackjan). I den drogs t\u00e4ltst\u00e4ngena som restes varje kv\u00e4ll f\u00f6r \u00f6vernattning, allt genomt\u00e4nkt och praktiskt.<\/p>\n\n\n\n<p>P\u00e5 tv\u00e5 stycken en krokar i v\u00e4ggen, h\u00e4ngde knippen av kipplingsverktyg (skrouvah), v\u00e4l ett 50-tal och t\u00e4mligen v\u00e4l beh\u00e5llna. Sn\u00f6rena, banden, var av ulltr\u00e5d. Ett par gamla sk\u00e5lar, en ganska stor. Vidare ett par kopparkittlar, gamla buckliga, en av st\u00f6rre format, men h\u00e4ngbygeln samt ett \u00f6ra saknades.<\/p>\n\n\n\n<p>En massa gamla papper l\u00e5g i ett h\u00f6rn, skrivelser till och fr\u00e5n l\u00e4nsstyrelsen och lappfogden och n\u00e5got fr\u00e5n veterin\u00e4ren ang\u00e5ende mul- och kl\u00f6vsjuka samt privata papper, och \u201drat\u201d (skr\u00e4p). Selarna var mal\u00e4tna. N\u00e5gra gamla vadmalskl\u00e4der l\u00e5g i en vr\u00e5.<\/p>\n\n\n\n<p>Den enda byggnad som finns kvar fr\u00e5n Tomasvallen, \u00e4r en stolpbod. Den har flyttats och st\u00e5r i dag i n\u00e4rheten av Saxn\u00e4sg\u00e5rden i Saxn\u00e4s.<\/p>\n\n\n\n<p>N\u00e5got som jag tycker \u00e4r m\u00e4rkligt av dessa b\u00e5da gammellappar, var att de b\u00f6rjade och slutf\u00f6rde ett \u201dhaga-bygge\u201d st\u00e4ngsel i gammal stil (samma som b\u00f6nder byggde upp kring sina \u00e4gor.)<\/p>\n\n\n\n<p>V\u00e4ster om k\u00e5ta-vallen byggde de ett s\u00e5dant st\u00e4ngsel, haga som det sades, nerifr\u00e5n Bielitestranden och upp p\u00e5 flat landet. Mellan Vinevare och Satsfj\u00e4llet i v\u00e4ster, h\u00f6gplat\u00e5n d\u00e4r uppe mellan fj\u00e4llen.<\/p>\n\n\n\n<p>Hagen hade en l\u00e4ngd av n\u00e4ra milen. Hagen skulle stoppa upp renarna som kom \u00f6sterifr\u00e5n nere i skogslandet. Om ej n\u00e5got hindrade v\u00e4gen, skulle de forts\u00e4tta v\u00e4sterut, och n\u00e5gon kontroll var inte m\u00f6jlig n\u00e4r de kom ur renbetesomr\u00e5det. Renarna drog f\u00f6rbi och blev m\u00f6dosamt \u00e5terf\u00f6rda.<\/p>\n<p>Visningar: 11<\/p>","protected":false},"excerpt":{"rendered":"<p>Vallen har f\u00e5tt namnet efter den siste brukaren, samen Tomas Fj\u00e4llstr\u00f6m, kallad \u201dStorTomas\u201d, f\u00f6dd 1853. Han k\u00f6pte d\u00e4r ett lappskatteland av Thoma Zakrisson, Svansj\u00f6landet. F\u00f6rutom&hellip;<\/p>\n","protected":false},"author":1,"featured_media":0,"parent":0,"menu_order":0,"comment_status":"closed","ping_status":"closed","template":"","meta":{"ngg_post_thumbnail":0,"footnotes":""},"class_list":["post-1735","page","type-page","status-publish","hentry"],"_links":{"self":[{"href":"https:\/\/36256ryd.se\/minnen\/wp-json\/wp\/v2\/pages\/1735","targetHints":{"allow":["GET"]}}],"collection":[{"href":"https:\/\/36256ryd.se\/minnen\/wp-json\/wp\/v2\/pages"}],"about":[{"href":"https:\/\/36256ryd.se\/minnen\/wp-json\/wp\/v2\/types\/page"}],"author":[{"embeddable":true,"href":"https:\/\/36256ryd.se\/minnen\/wp-json\/wp\/v2\/users\/1"}],"replies":[{"embeddable":true,"href":"https:\/\/36256ryd.se\/minnen\/wp-json\/wp\/v2\/comments?post=1735"}],"version-history":[{"count":2,"href":"https:\/\/36256ryd.se\/minnen\/wp-json\/wp\/v2\/pages\/1735\/revisions"}],"predecessor-version":[{"id":1740,"href":"https:\/\/36256ryd.se\/minnen\/wp-json\/wp\/v2\/pages\/1735\/revisions\/1740"}],"wp:attachment":[{"href":"https:\/\/36256ryd.se\/minnen\/wp-json\/wp\/v2\/media?parent=1735"}],"curies":[{"name":"wp","href":"https:\/\/api.w.org\/{rel}","templated":true}]}}