{"id":195,"date":"2021-02-24T09:19:34","date_gmt":"2021-02-24T09:19:34","guid":{"rendered":"https:\/\/minnen.36256ryd.se\/?page_id=195"},"modified":"2021-03-29T10:03:32","modified_gmt":"2021-03-29T10:03:32","slug":"rengardet-i-stihken","status":"publish","type":"page","link":"https:\/\/36256ryd.se\/minnen\/bilder\/rengardet-i-stihken\/","title":{"rendered":"RENG\u00c4RDET I STIHKEN"},"content":{"rendered":"\n<p>Foto: Kjell Fj\u00e4llstr\u00f6m c:a 1955<\/p>\n\n\n\n<p>(\u00c4r os\u00e4ker p\u00e5 att bilderna \u00e4r fr\u00e5n g\u00e4rdet i Stihken. Kanske n\u00e5gon vet och kan l\u00e4mna en kommentar. \/\/Dan)<\/p>\n\n\n\nngg_shortcode_0_placeholder\n<p>Visningar: 163<\/p>","protected":false},"excerpt":{"rendered":"<p>Foto: Kjell Fj\u00e4llstr\u00f6m c:a 1955 (\u00c4r os\u00e4ker p\u00e5 att bilderna \u00e4r fr\u00e5n g\u00e4rdet i Stihken. Kanske n\u00e5gon vet och kan l\u00e4mna en kommentar. \/\/Dan) Visningar:&hellip;<\/p>\n","protected":false},"author":1,"featured_media":0,"parent":160,"menu_order":1,"comment_status":"open","ping_status":"closed","template":"","meta":{"ngg_post_thumbnail":0,"footnotes":""},"class_list":["post-195","page","type-page","status-publish","hentry"],"_links":{"self":[{"href":"https:\/\/36256ryd.se\/minnen\/wp-json\/wp\/v2\/pages\/195","targetHints":{"allow":["GET"]}}],"collection":[{"href":"https:\/\/36256ryd.se\/minnen\/wp-json\/wp\/v2\/pages"}],"about":[{"href":"https:\/\/36256ryd.se\/minnen\/wp-json\/wp\/v2\/types\/page"}],"author":[{"embeddable":true,"href":"https:\/\/36256ryd.se\/minnen\/wp-json\/wp\/v2\/users\/1"}],"replies":[{"embeddable":true,"href":"https:\/\/36256ryd.se\/minnen\/wp-json\/wp\/v2\/comments?post=195"}],"version-history":[{"count":3,"href":"https:\/\/36256ryd.se\/minnen\/wp-json\/wp\/v2\/pages\/195\/revisions"}],"predecessor-version":[{"id":908,"href":"https:\/\/36256ryd.se\/minnen\/wp-json\/wp\/v2\/pages\/195\/revisions\/908"}],"up":[{"embeddable":true,"href":"https:\/\/36256ryd.se\/minnen\/wp-json\/wp\/v2\/pages\/160"}],"wp:attachment":[{"href":"https:\/\/36256ryd.se\/minnen\/wp-json\/wp\/v2\/media?parent=195"}],"curies":[{"name":"wp","href":"https:\/\/api.w.org\/{rel}","templated":true}]}}