{"id":252,"date":"2021-02-24T15:28:53","date_gmt":"2021-02-24T15:28:53","guid":{"rendered":"https:\/\/minnen.36256ryd.se\/?page_id=252"},"modified":"2021-05-15T08:54:27","modified_gmt":"2021-05-15T08:54:27","slug":"brollop-i-fatmomakke","status":"publish","type":"page","link":"https:\/\/36256ryd.se\/minnen\/bilder\/brollop-i-fatmomakke\/","title":{"rendered":"BR\u00d6LLOP I FATMOMAKKE"},"content":{"rendered":"\n<p>1954 vandrade Kjell \u00f6ver fj\u00e4llen fr\u00e5n Storbacken till Fatmomakke f\u00f6r att m\u00f6ta en kamrat fr\u00e5n G\u00f6teborg. Tillsammans skulle de g\u00e5 \u00f6ver till Storbacken. V\u00e4l i Fatmomakke hamnade de p\u00e5 en kusins, &#8221;Lill-Nanna Blackfj\u00e4ll&#8221;, br\u00f6llop och de blev inbjudna att deltaga. De var bara kl\u00e4dda f\u00f6r vandring men det hindrade ju inte. <\/p>\n\n\n\n<p><em>Kan du n\u00e5got om bilderna \u00e4r du v\u00e4lkommen att l\u00e4mna en kommentar med fakta, s\u00e5 kan jag skriva in det.<\/em><\/p>\n\n\n\n<p>Foto: Kjell Fj\u00e4llstr\u00f6m<\/p>\n\n\n\nngg_shortcode_0_placeholder\n\n\n\n<p> <\/p>\n<p>Visningar: 271<\/p>","protected":false},"excerpt":{"rendered":"<p>1954 vandrade Kjell \u00f6ver fj\u00e4llen fr\u00e5n Storbacken till Fatmomakke f\u00f6r att m\u00f6ta en kamrat fr\u00e5n G\u00f6teborg. Tillsammans skulle de g\u00e5 \u00f6ver till Storbacken. V\u00e4l i&hellip;<\/p>\n","protected":false},"author":1,"featured_media":0,"parent":160,"menu_order":5,"comment_status":"open","ping_status":"closed","template":"","meta":{"ngg_post_thumbnail":0,"footnotes":""},"class_list":["post-252","page","type-page","status-publish","hentry"],"_links":{"self":[{"href":"https:\/\/36256ryd.se\/minnen\/wp-json\/wp\/v2\/pages\/252","targetHints":{"allow":["GET"]}}],"collection":[{"href":"https:\/\/36256ryd.se\/minnen\/wp-json\/wp\/v2\/pages"}],"about":[{"href":"https:\/\/36256ryd.se\/minnen\/wp-json\/wp\/v2\/types\/page"}],"author":[{"embeddable":true,"href":"https:\/\/36256ryd.se\/minnen\/wp-json\/wp\/v2\/users\/1"}],"replies":[{"embeddable":true,"href":"https:\/\/36256ryd.se\/minnen\/wp-json\/wp\/v2\/comments?post=252"}],"version-history":[{"count":4,"href":"https:\/\/36256ryd.se\/minnen\/wp-json\/wp\/v2\/pages\/252\/revisions"}],"predecessor-version":[{"id":1365,"href":"https:\/\/36256ryd.se\/minnen\/wp-json\/wp\/v2\/pages\/252\/revisions\/1365"}],"up":[{"embeddable":true,"href":"https:\/\/36256ryd.se\/minnen\/wp-json\/wp\/v2\/pages\/160"}],"wp:attachment":[{"href":"https:\/\/36256ryd.se\/minnen\/wp-json\/wp\/v2\/media?parent=252"}],"curies":[{"name":"wp","href":"https:\/\/api.w.org\/{rel}","templated":true}]}}