{"id":586,"date":"2021-02-26T16:27:13","date_gmt":"2021-02-26T16:27:13","guid":{"rendered":"https:\/\/36256ryd.se\/minnen\/?page_id=586"},"modified":"2021-03-29T11:21:10","modified_gmt":"2021-03-29T11:21:10","slug":"fiskutplantering","status":"publish","type":"page","link":"https:\/\/36256ryd.se\/minnen\/bilder\/fiskutplantering\/","title":{"rendered":"FISKUTPLANTERING"},"content":{"rendered":"\n<p>I b\u00f6rjan p\u00e5 1950-talet best\u00e4mde sig byalaget att skapa en liten fiskesj\u00f6 ovanf\u00f6r byn Borkan. Bilderna \u00e4r fr\u00e5n dagen de planterade in fisk. <\/p>\n\n\n\n<p>Foto: Kjell Fj\u00e4llstr\u00f6m<\/p>\n\n\n\nngg_shortcode_0_placeholder\n<p>Visningar: 96<\/p>","protected":false},"excerpt":{"rendered":"<p>I b\u00f6rjan p\u00e5 1950-talet best\u00e4mde sig byalaget att skapa en liten fiskesj\u00f6 ovanf\u00f6r byn Borkan. Bilderna \u00e4r fr\u00e5n dagen de planterade in fisk. Foto: Kjell&hellip;<\/p>\n","protected":false},"author":1,"featured_media":0,"parent":160,"menu_order":9,"comment_status":"open","ping_status":"closed","template":"","meta":{"ngg_post_thumbnail":0,"footnotes":""},"class_list":["post-586","page","type-page","status-publish","hentry"],"_links":{"self":[{"href":"https:\/\/36256ryd.se\/minnen\/wp-json\/wp\/v2\/pages\/586","targetHints":{"allow":["GET"]}}],"collection":[{"href":"https:\/\/36256ryd.se\/minnen\/wp-json\/wp\/v2\/pages"}],"about":[{"href":"https:\/\/36256ryd.se\/minnen\/wp-json\/wp\/v2\/types\/page"}],"author":[{"embeddable":true,"href":"https:\/\/36256ryd.se\/minnen\/wp-json\/wp\/v2\/users\/1"}],"replies":[{"embeddable":true,"href":"https:\/\/36256ryd.se\/minnen\/wp-json\/wp\/v2\/comments?post=586"}],"version-history":[{"count":2,"href":"https:\/\/36256ryd.se\/minnen\/wp-json\/wp\/v2\/pages\/586\/revisions"}],"predecessor-version":[{"id":1022,"href":"https:\/\/36256ryd.se\/minnen\/wp-json\/wp\/v2\/pages\/586\/revisions\/1022"}],"up":[{"embeddable":true,"href":"https:\/\/36256ryd.se\/minnen\/wp-json\/wp\/v2\/pages\/160"}],"wp:attachment":[{"href":"https:\/\/36256ryd.se\/minnen\/wp-json\/wp\/v2\/media?parent=586"}],"curies":[{"name":"wp","href":"https:\/\/api.w.org\/{rel}","templated":true}]}}