{"id":59,"date":"2021-02-23T13:30:18","date_gmt":"2021-02-23T13:30:18","guid":{"rendered":"https:\/\/minnen.36256ryd.se\/?page_id=59"},"modified":"2025-07-17T13:47:01","modified_gmt":"2025-07-17T13:47:01","slug":"doroteas-minen","status":"publish","type":"page","link":"https:\/\/36256ryd.se\/minnen\/doroteas-minen\/","title":{"rendered":"DOROTEA"},"content":{"rendered":"\n<div class=\"wp-block-media-text alignwide is-stacked-on-mobile\"><figure class=\"wp-block-media-text__media\"><img loading=\"lazy\" decoding=\"async\" width=\"512\" height=\"565\" src=\"https:\/\/36256ryd.se\/minnen\/wp-content\/uploads\/2021\/02\/Dorotea.jpg\" alt=\"\" class=\"wp-image-346 size-full\" srcset=\"https:\/\/36256ryd.se\/minnen\/wp-content\/uploads\/2021\/02\/Dorotea.jpg 512w, https:\/\/36256ryd.se\/minnen\/wp-content\/uploads\/2021\/02\/Dorotea-272x300.jpg 272w, https:\/\/36256ryd.se\/minnen\/wp-content\/uploads\/2021\/02\/Dorotea-300x331.jpg 300w\" sizes=\"auto, (max-width: 512px) 100vw, 512px\" \/><\/figure><div class=\"wp-block-media-text__content\">\n<p><a href=\"https:\/\/36256ryd.se\/minnen\/dorotea\/doroteas-minen\/dagen-da-jag-foddes\/\" data-type=\"page\" data-id=\"61\">Dagen d\u00e5 jag f\u00f6ddes<\/a><\/p>\n\n\n\n<p><a href=\"https:\/\/36256ryd.se\/minnen\/doroteas-minen\/minne-fran-en-raid\/\">Minnen fr\u00e5n en raid<\/a><\/p>\n\n\n\n<p><a href=\"https:\/\/36256ryd.se\/minnen\/doroteas-minen\/storbacken\/\" data-type=\"page\" data-id=\"1278\">Storbacken<\/a><\/p>\n\n\n\n<p><a href=\"https:\/\/36256ryd.se\/minnen\/dorotea\/doroteas-minen\/joik\/\">Jojk<\/a><\/p>\n\n\n\n<p><a href=\"https:\/\/36256ryd.se\/minnen\/dorotea\/doroteas-minen\/dikanas-kyrka\/\" data-type=\"page\" data-id=\"65\">Dikan\u00e4s kyrka<\/a><\/p>\n\n\n\n<p><a href=\"https:\/\/36256ryd.se\/minnen\/doroteas-minen\/skola\/\" data-type=\"page\" data-id=\"1281\">Skola<\/a><\/p>\n\n\n\n<p><a rel=\"noreferrer noopener\" href=\"https:\/\/vimeo.com\/266550987\" target=\"_blank\">Mitt f\u00f6rsta skol\u00e5r<\/a><\/p>\n\n\n\n<p><a href=\"https:\/\/36256ryd.se\/minnen\/doroteas-minen\/min-forsta-tomat\/\">Min f\u00f6rsta tomat<\/a><\/p>\n\n\n\n<p><a href=\"https:\/\/36256ryd.se\/minnen\/dorotea\/doroteas-minen\/tack-for-maten\/\" data-type=\"page\" data-id=\"69\">Tack f\u00f6r maten<\/a><\/p>\n\n\n\n<p><a href=\"https:\/\/36256ryd.se\/minnen\/dorotea\/doroteas-minen\/tappa-tand\/\" data-type=\"page\" data-id=\"78\">Tappa en tand<\/a><\/p>\n\n\n\n<p><a href=\"https:\/\/36256ryd.se\/minnen\/dorotea\/doroteas-minen\/intervju\/\" data-type=\"page\" data-id=\"83\">Intervju<\/a><\/p>\n\n\n\n<p><a href=\"https:\/\/36256ryd.se\/minnen\/dorotea\/doroteas-minen\/goksie\/\" data-type=\"page\" data-id=\"89\">Goksie<\/a><\/p>\n\n\n\n<p><a href=\"https:\/\/36256ryd.se\/minnen\/dorotea\/doroteas-minen\/ett-brev\/\" data-type=\"page\" data-id=\"94\">Ett brev<\/a><\/p>\n\n\n\n<p><a href=\"https:\/\/36256ryd.se\/minnen\/doroteas-minen\/en-stold-i-atostugan\/\" data-type=\"page\" data-id=\"1719\">En st\u00f6ld<\/a><\/p>\n<\/div><\/div>\n\n\n\n<p><\/p>\n<p>Visningar: 458<\/p>","protected":false},"excerpt":{"rendered":"<p>Dagen d\u00e5 jag f\u00f6ddes Minnen fr\u00e5n en raid Storbacken Jojk Dikan\u00e4s kyrka Skola Mitt f\u00f6rsta skol\u00e5r Min f\u00f6rsta tomat Tack f\u00f6r maten Tappa en tand&hellip;<\/p>\n","protected":false},"author":1,"featured_media":0,"parent":0,"menu_order":3,"comment_status":"closed","ping_status":"closed","template":"","meta":{"ngg_post_thumbnail":0,"footnotes":""},"class_list":["post-59","page","type-page","status-publish","hentry"],"_links":{"self":[{"href":"https:\/\/36256ryd.se\/minnen\/wp-json\/wp\/v2\/pages\/59","targetHints":{"allow":["GET"]}}],"collection":[{"href":"https:\/\/36256ryd.se\/minnen\/wp-json\/wp\/v2\/pages"}],"about":[{"href":"https:\/\/36256ryd.se\/minnen\/wp-json\/wp\/v2\/types\/page"}],"author":[{"embeddable":true,"href":"https:\/\/36256ryd.se\/minnen\/wp-json\/wp\/v2\/users\/1"}],"replies":[{"embeddable":true,"href":"https:\/\/36256ryd.se\/minnen\/wp-json\/wp\/v2\/comments?post=59"}],"version-history":[{"count":12,"href":"https:\/\/36256ryd.se\/minnen\/wp-json\/wp\/v2\/pages\/59\/revisions"}],"predecessor-version":[{"id":1727,"href":"https:\/\/36256ryd.se\/minnen\/wp-json\/wp\/v2\/pages\/59\/revisions\/1727"}],"wp:attachment":[{"href":"https:\/\/36256ryd.se\/minnen\/wp-json\/wp\/v2\/media?parent=59"}],"curies":[{"name":"wp","href":"https:\/\/api.w.org\/{rel}","templated":true}]}}