{"id":61,"date":"2021-02-23T15:52:05","date_gmt":"2021-02-23T15:52:05","guid":{"rendered":"https:\/\/minnen.36256ryd.se\/?page_id=61"},"modified":"2021-12-30T12:32:08","modified_gmt":"2021-12-30T12:32:08","slug":"dagen-da-jag-foddes","status":"publish","type":"page","link":"https:\/\/36256ryd.se\/minnen\/doroteas-minen\/dagen-da-jag-foddes\/","title":{"rendered":"DAGEN D\u00c5 JAG F\u00d6DDES"},"content":{"rendered":"\n<p><strong>Dagen d\u00e5 jag f\u00f6ddes<\/strong><strong>&nbsp;<\/strong><strong><\/strong><\/p>\n\n\n\n<p>Den 6 juli 1915&nbsp;var en mycket hektisk dag p\u00e5 fj\u00e4llhemmanet&nbsp;F\u00e4ttjaure&nbsp;inom&nbsp;Dikan\u00e4s&nbsp;kapell f\u00f6rsamling. I fr\u00e5n&nbsp;Silisen&nbsp;(viste) kom den unga Anna Alexandra Klemensson i bedr\u00f6vligt tillst\u00e5nd. Hon skulle f\u00f6ra sitt f\u00f6rsta barn.&nbsp;Hennes man, Thomas Lambert, var hos renarna \u201cv\u00e4st i fj\u00e4llen\u201d som det hette s\u00e5 hon var alldeles ensam.&nbsp;Hennes kusin, Johannes Johansson, som d\u00e5 var i ton\u00e5ren s\u00e4nds efter&nbsp;jordemor&nbsp;Katarina som bodde i&nbsp;Borkasj\u00f6.&nbsp;&nbsp;<\/p>\n\n\n\n<div class=\"wp-block-media-text alignwide is-stacked-on-mobile\"><figure class=\"wp-block-media-text__media\"><img loading=\"lazy\" decoding=\"async\" width=\"1024\" height=\"693\" src=\"https:\/\/36256ryd.se\/minnen\/wp-content\/uploads\/2021\/02\/Lars-Jans-hus-Fattjaure.jpg\" alt=\"\" class=\"wp-image-358 size-full\" srcset=\"https:\/\/36256ryd.se\/minnen\/wp-content\/uploads\/2021\/02\/Lars-Jans-hus-Fattjaure.jpg 1024w, https:\/\/36256ryd.se\/minnen\/wp-content\/uploads\/2021\/02\/Lars-Jans-hus-Fattjaure-300x203.jpg 300w, https:\/\/36256ryd.se\/minnen\/wp-content\/uploads\/2021\/02\/Lars-Jans-hus-Fattjaure-768x520.jpg 768w, https:\/\/36256ryd.se\/minnen\/wp-content\/uploads\/2021\/02\/Lars-Jans-hus-Fattjaure-850x575.jpg 850w\" sizes=\"auto, (max-width: 1024px) 100vw, 1024px\" \/><\/figure><div class=\"wp-block-media-text__content\">\n<p>Lars Jans hus i F\u00e4ttjaure. Dorotea Kristina Klementsson g. Fj\u00e4llstr\u00f6m f\u00f6ddes i detta hus.<\/p>\n<\/div><\/div>\n\n\n\n<p>Han ber\u00e4ttade glatt och g\u00e4rna och m\u00e5nga g\u00e5nger om hur en ilade ner till sj\u00f6n och b\u00e5ten, rodde till Sandviken, sprang&nbsp;morkan&nbsp;till&nbsp;Borkasj\u00f6n&nbsp;och sedan rodde till Sandn\u00e4set.&nbsp;Sedan samma v\u00e4g tillbaka och d\u00e5 i s\u00e4llskap med mor Katrina som hon senare&nbsp;kommer&nbsp;att kallas. Troligtvis kom de i tid.&nbsp;<\/p>\n\n\n\n<p>I samma veva som jag f\u00f6ddes kom en kokalv i ladug\u00e5rden och ett stof\u00f6l i stallet.&nbsp;3 flickor s\u00e5ledes.&nbsp;<\/p>\n\n\n\n<p>Dock inte nog med det:&nbsp;Utf\u00f6r nordsluttningen av&nbsp;Daunefj\u00e4ll&nbsp;gick ett stort&nbsp;skred. Sp\u00e5ren efter den&nbsp;syns \u00e4n idag.&nbsp;&nbsp;<\/p>\n\n\n\n<p>Efter n\u00e5gra dagar gick Anna tillbaka till Silesk\u00e5tan\u00a0b\u00e4rande sitt lilla barn i en \u201ckomse\u201d.\u00a0Hon hade nog s\u00e4llskap av sin sv\u00e4gerska Margareta som var gift med hennes\u00a0\u00e4ldste\u00a0bror, min morbror Jonas. Henne kallade vi r\u00e4tt och sl\u00e4tt f\u00f6r \u201cJimien\u201d.\u00a0Denna\u00a0Jimien\u00a0ber\u00e4ttade ofta om hur hon sk\u00f6tte om mig, badade mig i en stor tr\u00e4sk\u00e5l och ibland i en kopparkittel vid elden i k\u00e5tan, tv\u00e4ttade bl\u00f6jor och v\u00e4rmde mina sm\u00e5 kl\u00e4der.\u00a0\u00a0<\/p>\n\n\n\n<p>N\u00e4r de p\u00e5 h\u00f6sten flyttade gick det f\u00f6rsta str\u00e4ckan i dalen mellan Valfj\u00e4llet och det mittemot. De rastade vid en stockeld och \u201ckomsen\u201d h\u00e4ngdes p\u00e5 bj\u00f6rkgren. Jimmie invaggade mig och sj\u00f6ng:&nbsp;<\/p>\n\n\n\n<p>\u201cDu lilla flicka sov under stj\u00e4rnorna! Hur kommer ditt liv att bli? Vad ska \u00f6det f\u00f6ra dig?\u201d&nbsp;&nbsp;<br>&#8211; Ja, s\u00e5 har de ber\u00e4ttat f\u00f6r mig.&nbsp;<\/p>\n\n\n\n<p>Vi&nbsp;hade ett fint f\u00f6rh\u00e5llande till varandra,&nbsp;mor&nbsp;Katrina&nbsp;och jag.&nbsp;Jag t\u00e4nker p\u00e5 henne med v\u00e4rme.&nbsp;<\/p>\n\n\n\n<p><\/p>\n<p>Visningar: 180<\/p>","protected":false},"excerpt":{"rendered":"<p>Dagen d\u00e5 jag f\u00f6ddes&nbsp; Den 6 juli 1915&nbsp;var en mycket hektisk dag p\u00e5 fj\u00e4llhemmanet&nbsp;F\u00e4ttjaure&nbsp;inom&nbsp;Dikan\u00e4s&nbsp;kapell f\u00f6rsamling. I fr\u00e5n&nbsp;Silisen&nbsp;(viste) kom den unga Anna Alexandra Klemensson i bedr\u00f6vligt&hellip;<\/p>\n","protected":false},"author":1,"featured_media":0,"parent":59,"menu_order":0,"comment_status":"closed","ping_status":"closed","template":"","meta":{"ngg_post_thumbnail":0,"footnotes":""},"class_list":["post-61","page","type-page","status-publish","hentry"],"_links":{"self":[{"href":"https:\/\/36256ryd.se\/minnen\/wp-json\/wp\/v2\/pages\/61","targetHints":{"allow":["GET"]}}],"collection":[{"href":"https:\/\/36256ryd.se\/minnen\/wp-json\/wp\/v2\/pages"}],"about":[{"href":"https:\/\/36256ryd.se\/minnen\/wp-json\/wp\/v2\/types\/page"}],"author":[{"embeddable":true,"href":"https:\/\/36256ryd.se\/minnen\/wp-json\/wp\/v2\/users\/1"}],"replies":[{"embeddable":true,"href":"https:\/\/36256ryd.se\/minnen\/wp-json\/wp\/v2\/comments?post=61"}],"version-history":[{"count":5,"href":"https:\/\/36256ryd.se\/minnen\/wp-json\/wp\/v2\/pages\/61\/revisions"}],"predecessor-version":[{"id":1392,"href":"https:\/\/36256ryd.se\/minnen\/wp-json\/wp\/v2\/pages\/61\/revisions\/1392"}],"up":[{"embeddable":true,"href":"https:\/\/36256ryd.se\/minnen\/wp-json\/wp\/v2\/pages\/59"}],"wp:attachment":[{"href":"https:\/\/36256ryd.se\/minnen\/wp-json\/wp\/v2\/media?parent=61"}],"curies":[{"name":"wp","href":"https:\/\/api.w.org\/{rel}","templated":true}]}}