{"id":664,"date":"2021-02-26T16:54:04","date_gmt":"2021-02-26T16:54:04","guid":{"rendered":"https:\/\/36256ryd.se\/minnen\/?page_id=664"},"modified":"2021-03-29T13:11:44","modified_gmt":"2021-03-29T13:11:44","slug":"rodberg","status":"publish","type":"page","link":"https:\/\/36256ryd.se\/minnen\/bilder\/rodberg\/","title":{"rendered":"R\u00d6BERG"},"content":{"rendered":"\n<p>Torkel Larsson-Kroik med frun Lisa och familj i R\u00f6berg<\/p>\n\n\n\n<p>Foto: Kjell Fj\u00e4llstr\u00f6m, c:a 1954<\/p>\n\n\n\nngg_shortcode_0_placeholder\n<p>Visningar: 120<\/p>","protected":false},"excerpt":{"rendered":"<p>Torkel Larsson-Kroik med frun Lisa och familj i R\u00f6berg Foto: Kjell Fj\u00e4llstr\u00f6m, c:a 1954 Visningar: 120<\/p>\n","protected":false},"author":1,"featured_media":0,"parent":160,"menu_order":12,"comment_status":"open","ping_status":"closed","template":"","meta":{"ngg_post_thumbnail":0,"footnotes":""},"class_list":["post-664","page","type-page","status-publish","hentry"],"_links":{"self":[{"href":"https:\/\/36256ryd.se\/minnen\/wp-json\/wp\/v2\/pages\/664","targetHints":{"allow":["GET"]}}],"collection":[{"href":"https:\/\/36256ryd.se\/minnen\/wp-json\/wp\/v2\/pages"}],"about":[{"href":"https:\/\/36256ryd.se\/minnen\/wp-json\/wp\/v2\/types\/page"}],"author":[{"embeddable":true,"href":"https:\/\/36256ryd.se\/minnen\/wp-json\/wp\/v2\/users\/1"}],"replies":[{"embeddable":true,"href":"https:\/\/36256ryd.se\/minnen\/wp-json\/wp\/v2\/comments?post=664"}],"version-history":[{"count":6,"href":"https:\/\/36256ryd.se\/minnen\/wp-json\/wp\/v2\/pages\/664\/revisions"}],"predecessor-version":[{"id":1090,"href":"https:\/\/36256ryd.se\/minnen\/wp-json\/wp\/v2\/pages\/664\/revisions\/1090"}],"up":[{"embeddable":true,"href":"https:\/\/36256ryd.se\/minnen\/wp-json\/wp\/v2\/pages\/160"}],"wp:attachment":[{"href":"https:\/\/36256ryd.se\/minnen\/wp-json\/wp\/v2\/media?parent=664"}],"curies":[{"name":"wp","href":"https:\/\/api.w.org\/{rel}","templated":true}]}}