{"id":675,"date":"2021-02-26T17:01:02","date_gmt":"2021-02-26T17:01:02","guid":{"rendered":"https:\/\/36256ryd.se\/minnen\/?page_id=675"},"modified":"2021-03-29T13:20:30","modified_gmt":"2021-03-29T13:20:30","slug":"hakafot","status":"publish","type":"page","link":"https:\/\/36256ryd.se\/minnen\/bilder\/hakafot\/","title":{"rendered":"H\u00c5KAFOT"},"content":{"rendered":"\n<p>Dorotea Klementsson (Fj\u00e4llstr\u00f6m) tj\u00e4nstgjorde ett par \u00e5r i slutet av 1940-talet p\u00e5 nomadskolan i H\u00e5kafot.<\/p>\n\n\n\n<p>Foto: Kjell Fj\u00e4llstr\u00f6m<\/p>\n\n\n\nngg_shortcode_0_placeholder\n<p>Visningar: 104<\/p>","protected":false},"excerpt":{"rendered":"<p>Dorotea Klementsson (Fj\u00e4llstr\u00f6m) tj\u00e4nstgjorde ett par \u00e5r i slutet av 1940-talet p\u00e5 nomadskolan i H\u00e5kafot. Foto: Kjell Fj\u00e4llstr\u00f6m Visningar: 104<\/p>\n","protected":false},"author":1,"featured_media":0,"parent":160,"menu_order":13,"comment_status":"open","ping_status":"closed","template":"","meta":{"ngg_post_thumbnail":0,"footnotes":""},"class_list":["post-675","page","type-page","status-publish","hentry"],"_links":{"self":[{"href":"https:\/\/36256ryd.se\/minnen\/wp-json\/wp\/v2\/pages\/675","targetHints":{"allow":["GET"]}}],"collection":[{"href":"https:\/\/36256ryd.se\/minnen\/wp-json\/wp\/v2\/pages"}],"about":[{"href":"https:\/\/36256ryd.se\/minnen\/wp-json\/wp\/v2\/types\/page"}],"author":[{"embeddable":true,"href":"https:\/\/36256ryd.se\/minnen\/wp-json\/wp\/v2\/users\/1"}],"replies":[{"embeddable":true,"href":"https:\/\/36256ryd.se\/minnen\/wp-json\/wp\/v2\/comments?post=675"}],"version-history":[{"count":4,"href":"https:\/\/36256ryd.se\/minnen\/wp-json\/wp\/v2\/pages\/675\/revisions"}],"predecessor-version":[{"id":1112,"href":"https:\/\/36256ryd.se\/minnen\/wp-json\/wp\/v2\/pages\/675\/revisions\/1112"}],"up":[{"embeddable":true,"href":"https:\/\/36256ryd.se\/minnen\/wp-json\/wp\/v2\/pages\/160"}],"wp:attachment":[{"href":"https:\/\/36256ryd.se\/minnen\/wp-json\/wp\/v2\/media?parent=675"}],"curies":[{"name":"wp","href":"https:\/\/api.w.org\/{rel}","templated":true}]}}