{"id":74,"date":"2021-02-23T16:17:37","date_gmt":"2021-02-23T16:17:37","guid":{"rendered":"https:\/\/minnen.36256ryd.se\/?page_id=74"},"modified":"2021-05-09T10:04:13","modified_gmt":"2021-05-09T10:04:13","slug":"joik","status":"publish","type":"page","link":"https:\/\/36256ryd.se\/minnen\/doroteas-minen\/joik\/","title":{"rendered":"JOJK"},"content":{"rendered":"\n<p><h2>Storbacken, Borkan<\/h2>\n<p><strong><em>M\u00e5jta&nbsp;laavetje&nbsp;goh&nbsp;limmen&nbsp;onne,&nbsp;goh&nbsp;limen&nbsp;onne&nbsp;saedtie&nbsp;gearketjh&nbsp;st\u00e5akedeminie&nbsp;limh.<\/em><\/strong>&nbsp;<br><strong><em>Men&nbsp;daelie&nbsp;edtjim&nbsp;dansodith&nbsp;klaahtodidt&nbsp;blomsterem&nbsp;\u00e5ejjiene<\/em><\/strong>&nbsp;<\/p><\/p>\n\n\n\n<p>Detta \u00e4r ett fragment av en vemodig jojk&nbsp;som&nbsp;Jimien&nbsp;brukade&nbsp;jojka&nbsp;ibland.&nbsp;Jag kan i minnet se henne framf\u00f6r mig och \u00e4ven h\u00f6ra henne. Minns hur hon var kl\u00e4dd. Rutig blus och gr\u00e5 vadmalskjol med randigt f\u00f6rkl\u00e4de.&nbsp;P\u00e5 huvudet en h\u00e5rd, i nacken,&nbsp;knuten gr\u00e5rutig&nbsp;bomullsknut och ett par sm\u00e5 fl\u00e4tor stickande fram.&nbsp;Den lilla kr\u00f6kta pipan med m\u00e4ssingslock&nbsp;som hon h\u00f6ll liv i med ett gl\u00f6dande kol fr\u00e5n brasan som hon h\u00f6ll fast med en liten&nbsp;t\u00e5ng. Hon satt med&nbsp;fj\u00e4rrsk\u00e5dande&nbsp;blick. Mig s\u00e5g eller f\u00f6rnam hon inte. Vad&nbsp;t\u00e4nkte&nbsp;hon p\u00e5? Vad mindes hon?&nbsp;&nbsp;<\/p>\n\n\n\n<div class=\"wp-block-image\"><figure class=\"alignleft size-large is-resized\"><img loading=\"lazy\" decoding=\"async\" src=\"https:\/\/36256ryd.se\/minnen\/wp-content\/uploads\/2021\/02\/jimien-pa-Storbacken-652x1024.jpg\" alt=\"\" class=\"wp-image-349\" width=\"326\" height=\"512\" srcset=\"https:\/\/36256ryd.se\/minnen\/wp-content\/uploads\/2021\/02\/jimien-pa-Storbacken-652x1024.jpg 652w, https:\/\/36256ryd.se\/minnen\/wp-content\/uploads\/2021\/02\/jimien-pa-Storbacken-191x300.jpg 191w, https:\/\/36256ryd.se\/minnen\/wp-content\/uploads\/2021\/02\/jimien-pa-Storbacken-768x1206.jpg 768w, https:\/\/36256ryd.se\/minnen\/wp-content\/uploads\/2021\/02\/jimien-pa-Storbacken-978x1536.jpg 978w, https:\/\/36256ryd.se\/minnen\/wp-content\/uploads\/2021\/02\/jimien-pa-Storbacken-300x471.jpg 300w, https:\/\/36256ryd.se\/minnen\/wp-content\/uploads\/2021\/02\/jimien-pa-Storbacken-850x1335.jpg 850w, https:\/\/36256ryd.se\/minnen\/wp-content\/uploads\/2021\/02\/jimien-pa-Storbacken.jpg 1038w\" sizes=\"auto, (max-width: 326px) 100vw, 326px\" \/><figcaption>Jimien p\u00e5 Storbacken<\/figcaption><\/figure><\/div>\n\n\n\n<p>&nbsp;<\/p>\n<p>Visningar: 92<\/p>","protected":false},"excerpt":{"rendered":"<p>Storbacken, Borkan M\u00e5jta&nbsp;laavetje&nbsp;goh&nbsp;limmen&nbsp;onne,&nbsp;goh&nbsp;limen&nbsp;onne&nbsp;saedtie&nbsp;gearketjh&nbsp;st\u00e5akedeminie&nbsp;limh.&nbsp;Men&nbsp;daelie&nbsp;edtjim&nbsp;dansodith&nbsp;klaahtodidt&nbsp;blomsterem&nbsp;\u00e5ejjiene&nbsp; Detta \u00e4r ett fragment av en vemodig jojk&nbsp;som&nbsp;Jimien&nbsp;brukade&nbsp;jojka&nbsp;ibland.&nbsp;Jag kan i minnet se henne framf\u00f6r mig och \u00e4ven h\u00f6ra henne. Minns hur hon&hellip;<\/p>\n","protected":false},"author":1,"featured_media":0,"parent":59,"menu_order":4,"comment_status":"closed","ping_status":"closed","template":"","meta":{"ngg_post_thumbnail":0,"footnotes":""},"class_list":["post-74","page","type-page","status-publish","hentry"],"_links":{"self":[{"href":"https:\/\/36256ryd.se\/minnen\/wp-json\/wp\/v2\/pages\/74","targetHints":{"allow":["GET"]}}],"collection":[{"href":"https:\/\/36256ryd.se\/minnen\/wp-json\/wp\/v2\/pages"}],"about":[{"href":"https:\/\/36256ryd.se\/minnen\/wp-json\/wp\/v2\/types\/page"}],"author":[{"embeddable":true,"href":"https:\/\/36256ryd.se\/minnen\/wp-json\/wp\/v2\/users\/1"}],"replies":[{"embeddable":true,"href":"https:\/\/36256ryd.se\/minnen\/wp-json\/wp\/v2\/comments?post=74"}],"version-history":[{"count":4,"href":"https:\/\/36256ryd.se\/minnen\/wp-json\/wp\/v2\/pages\/74\/revisions"}],"predecessor-version":[{"id":1363,"href":"https:\/\/36256ryd.se\/minnen\/wp-json\/wp\/v2\/pages\/74\/revisions\/1363"}],"up":[{"embeddable":true,"href":"https:\/\/36256ryd.se\/minnen\/wp-json\/wp\/v2\/pages\/59"}],"wp:attachment":[{"href":"https:\/\/36256ryd.se\/minnen\/wp-json\/wp\/v2\/media?parent=74"}],"curies":[{"name":"wp","href":"https:\/\/api.w.org\/{rel}","templated":true}]}}