{"id":94,"date":"2021-02-23T16:43:24","date_gmt":"2021-02-23T16:43:24","guid":{"rendered":"https:\/\/minnen.36256ryd.se\/?page_id=94"},"modified":"2021-04-10T17:16:37","modified_gmt":"2021-04-10T17:16:37","slug":"ett-brev","status":"publish","type":"page","link":"https:\/\/36256ryd.se\/minnen\/doroteas-minen\/ett-brev\/","title":{"rendered":"ETT BREV"},"content":{"rendered":"\n<h1 class=\"wp-block-heading\">Dorotea ber\u00e4ttar om sl\u00e4kten i ett brev till Sigrid Kristina Johanssons\u00a0dotter Tea i V\u00e4ster\u00e5s<\/h1>\n\n\n\n<p><strong>Kristoffer Johansson f 1844 \/&nbsp;Dorotea&nbsp;<\/strong><strong>Andrsdotter<\/strong><strong>&nbsp;<\/strong><strong>Nejne<\/strong><strong>&nbsp;f 1844<\/strong>&nbsp;<\/p>\n\n\n\n<p>V\u00e5r morfar, Kristoffer Johansson f 1844,\u00a0var skattelapp men f\u00f6rlorade sina renar i naturkatastrof. P\u00e5 den tiden gavs ingen hj\u00e4lp som nu, utan han fick  f\u00f6rs\u00f6rja sig p\u00e5 annat s\u00e4tt.\u00a0Han blev\u00a0h\u00e4stgetare\u00a0i\u00a0Siksj\u00f6.\u00a0Det vill s\u00e4ga, han vallade b\u00f6ndernas h\u00e4star i skogarna och fick betalt i natura men \u00e4ven kontanter.\u00a0Mormor, Dorotea\u00a0Andrsdotter\u00a0Nejne\u00a0f 1844, blev \u201ckogetare\u201d.\u00a0Hon f\u00f6ljde korna under dagen och s\u00e5g till att de h\u00f6lls samman och att de hittade\u00a0bete.\u00a0Hon f\u00f6ste hem dem p\u00e5 aftonen till mj\u00f6lkningen och sedan till\u00a0sommarladug\u00e5rden.\u00a0Det s\u00f6rjde sina renar och gruvade sig mycket f\u00f6r sin f\u00f6rs\u00f6rjning.\u00a0Det visade sig att allt\u00a0ordnade\u00a0sig f\u00f6r dem. B\u00f6nderna byggde ett hus till sina\u00a0getare\u00a0och m\u00e5nade om dem p\u00e5 b\u00e4sta s\u00e4tt.\u00a0De fick det ekonomiskt bra och\u00a0var\u00a0mycket omtyckta i byn. S\u00e5 ber\u00e4ttade min mor, Anna Alexandra\u00a0Kristoffersdotter\u00a0f 1891. P\u00e5 gamla dar borde de hos sin \u00e4ldste son, Jonas Kristoffer Joansson f 1872, p\u00e5 Storbacken.\u00a0Jag minns dem fr\u00e5n den tiden eftersom jag ocks\u00e5 bodde d\u00e4r.\u00a0Morfar var spenslig och rak i ryggen och hade gr\u00e5tt upp\u00e5tkammat h\u00e5r. Mormor var\u00a0blid\u00a0och mjuk i s\u00e4ttet. Tr\u00e5kigt nog blev hon blind. B\u00e5da var mycket gudfruktiga. Det sades att h\u00e5rda ord och\u00a0eder\u00a0inte\u00a0f\u00f6rekom\u00a0i hennes n\u00e4rvaro. Kom Dorotea tystnade automatiskt oh\u00f6vligt tal.\u00a0\u00a0<\/p>\n\n\n\n<hr class=\"wp-block-separator\"\/>\n\n\n\n<p><strong>Jonas Kristoffer Johansson f 1872<\/strong>&nbsp;<\/p>\n\n\n\n<p>Morbror\u00a0Jonas var gift med Margareta\u00a0Barruk\u00a0och de var barnl\u00f6sa. Det var d\u00e4rf\u00f6r de vill ha hand om mig, Dorotea Kristina\u00a0Klementsson\u00a0f 1915, n\u00e4r jag var liten.\u00a0N\u00e4r jag b\u00f6rjade skolan togs jag hem till Autostugan.\u00a0De\u00a0k\u00f6pte Storbacken och blev bofasta med kor, h\u00e4st och sm\u00e5djur.\u00a0Tyv\u00e4rr omkom\u00a0morbror Jonas midsommarafton 1931. Han hade k\u00f6pt sig en nymodighet, en cykel. Han cyklade till Kittelfj\u00e4ll d\u00e4r han var med p\u00e5 Fr\u00e4lsningsarm\u00e9ns m\u00f6te. P\u00e5 hemv\u00e4gen f\u00f6rlorade han kontrollen \u00f6ver cykeln i\u00a0nerf\u00f6rsbacken och slog huvudet i v\u00e4gr\u00e4cket. D\u00f6den var nog \u00f6gonblicklig. P\u00e5 platsen restes ett kors som finns kvar \u00e4n i dag.\u00a0Allt var mycket tragiskt och\u00a0moster\u00a0Margareta, \u201cJimien\u201d kallad,\u00a0var f\u00f6rtvivlad. Hon ville att mina f\u00f6r\u00e4ldrar, Tomas Lambert\u00a0Klementsson\u00a0och Anna Alexandra, skulle ta \u00f6ver Storbacken och s\u00e5 blev det.\u00a0Min far, Tomas Lambert, vad d\u00e5 rensame inom\u00a0Vapsten, T\u00e4rna.\u00a0<\/p>\n\n\n\n<hr class=\"wp-block-separator\"\/>\n\n\n\n<p><strong>Anders Kristoffersson<\/strong>&nbsp;<\/p>\n\n\n\n<p>Morbror Anders vet jag inte mycket om. Som ung blev han rendr\u00e4ng och flyttade till&nbsp;Ammarn\u00e4s. Kommunikationerna var bristf\u00e4lliga p\u00e5 den tiden.&nbsp;Vet&nbsp;att han gifte sig, men hans barn \u00e4r f\u00f6r mig obekanta.&nbsp;<\/p>\n\n\n\n<hr class=\"wp-block-separator\"\/>\n\n\n\n<p><strong>Katarina (Karin) Elisabeth&nbsp;<\/strong>&nbsp;<\/p>\n\n\n\n<p>Moster Karin hade vi mycket umg\u00e4nge med. Hon var v\u00e4nlig, givmild och omt\u00e4nksam.\u00a0Hon gifte sig med Per Lindblom fr\u00e5n Maria f\u00f6rsamling i Stockholm.\u00a0Han\u00a0var nasare. De hade hus\u00a0i Hedvik\u00a0inom Lycksele f\u00f6rsamling. I\u00a0Hedvik\u00a0bodde vi p\u00e5 vintrarna ibland.\u00a0\u00a0<br>Hon hade tre barn.\u00a0<\/p>\n\n\n\n<p>Carl\u00a0Gran\u00a0hette hennes \u00e4ldste son och han utvandrade till Amerika som yngling.\u00a0Min mor fick ett livstecken ibland. Han skaffade sig en farm, men med tiden f\u00f6rsvann f\u00f6r oss.\u00a0\u00a0<\/p>\n\n\n\n<p>Astrid, hennes dotter minns jag som glad, konstn\u00e4rlig och positiv.\u00a0Hon gifte sig med Nils (Nicke ) Axelsson och de\u00a0bosatte sig i Str\u00f6m, T\u00e4rna.\u00a0Hennes dotter Gerd bodde i V\u00e4ster\u00e5s. Greta bodde i M\u00e4rsta. Tv\u00e5 s\u00f6ner lever, men \u00e4ldste sonen,\u00a0G\u00f6sta, dog h\u00e4rom\u00e5ret.\u00a0G\u00f6sta\u00a0bodde\u00a0i Vilhelmina. Tr\u00e4ffar hans son Anders ibland. Han \u00e4r skogs tj\u00e4nsteman.\u00a0<\/p>\n\n\n\n<p>Torkel\u00a0\u00e4r gift men barnl\u00f6s. Han ligger p\u00e5 l\u00e5ngv\u00e5rden i Lycksele och m\u00e5r inte bra. Som ung k\u00f6rde han motorcykel, f\u00f6rlorade ett ben i en trafikolycka och har haft \u201cfantomsm\u00e4rtor\u201d sedan dess.\u00a0Han har klarat sig mycket bra med sin protes. (<em>Jag, Dan Fj\u00e4llstr\u00f6m,\u00a0mins Torkel n\u00e4r han satt p\u00e5 en stol i v\u00e4stra rummet i\u00a0Gammelstugan\u00a0p\u00e5 Storbacken. Han sa till mig och min bror att komma fram och s\u00e5 visade han en fin kniv. Till v\u00e5r stora f\u00f6rskr\u00e4ckelse st\u00f6tte han\u00a0pl\u00f6tsligt kniven i benet genom byxan och d\u00e4r stod den och darrade. Vi visste inte d\u00e5 att han hade tr\u00e4ben.<\/em>)\u00a0<\/p>\n\n\n\n<hr class=\"wp-block-separator\"\/>\n\n\n\n<p><strong>Maria Dorotea Johansson f 1881<\/strong>&nbsp;<\/p>\n\n\n\n<p>Moster Maria (Maja), ogift och barnl\u00f6s.&nbsp;Hon bodde mycket hos oss och hj\u00e4lpte till med ett och annat. L\u00e4tt till hum\u00f6ret och hade m\u00e5nga v\u00e4nner. Sista tiden bodde hon p\u00e5 \u00e5lderdomshemmet i&nbsp;Dikan\u00e4s. Kom ofta p\u00e5 bes\u00f6k.&nbsp;<\/p>\n\n\n\n<hr class=\"wp-block-separator\"\/>\n\n\n\n<p><strong>Sigrid Kristina Johansson f 1886<\/strong>&nbsp;<\/p>\n\n\n\n<p>Moster Sigrid har jag bara tidiga minnen av.\u00a0Minns att hon var p\u00e5 Storbacken och hon sysselsatte sig mycket med mig.\u00a0Bland annat l\u00e4ste vi i min\u00a0ABC\u00a0bok. P\u00e5 baksidan av boken fanns bilden av en tupp.\u00a0Den v\u00e4rpte n\u00e4r barnen var flitiga sades det.\u00a0En\u00a0morgon l\u00e5g fyra karameller under\u00a0p\u00e4rmen.\u00a0Fyra polkagrisar. Jag visst nog vem som hade lagt dit dem\u00a0men\u00a0spelade med. Jag har h\u00f6rt ber\u00e4ttas att hon var tr\u00f6tt och sjuk sista g\u00e5ngen men gick \u00e4nd\u00e5 till\u00a0Dikan\u00e4s\u00a0(40 km).\u00a0<\/p>\n\n\n\n<p>Hennes dotter&nbsp;Thea&nbsp;brevv\u00e4xlade jag med sedan vi&nbsp;l\u00e4rt&nbsp;oss skriva. Jag&nbsp;tr\u00e4ffade&nbsp;inte henne f\u00f6rr\u00e4n vi var ton\u00e5ringar. Hon var hos oss p\u00e5 Storbacken n\u00e5gra veckor&nbsp;en&nbsp;sommar och vi gjorde utflykter, hon och jag.&nbsp;&nbsp;<\/p>\n\n\n\n<p>N\u00e4r jag var l\u00e4rare inom nomadskolan i&nbsp;H\u00e5kafot, Frostvikens kommun, var hon&nbsp;i tj\u00e4nst hos en bonde i B\u00f6le, Lit.&nbsp;Jag blev ditbjuden \u00f6ver ett p\u00e5sk lov.&nbsp;Hon var som barn i huset f\u00f6rst\u00e5r jag. Jag minns att jag mycket beundrade allt gediget hemv\u00e4vt och hemsnickrat och de stora, vackert inredda rummen. Vi var p\u00e5 en del fester. Husbondfolket var engagerade i EFS.&nbsp;&nbsp;<\/p>\n\n\n\n<p>Med tiden blev v\u00e5ra&nbsp;kontakter&nbsp;sporadiska.&nbsp;L\u00e5ngt senare fick jag livstecken fr\u00e5n henne. D\u00e5 bodde hon i V\u00e4ster\u00e5s och hade familj.&nbsp;&nbsp;<\/p>\n\n\n\n<p>Moster hade \u00e4ven dottern\u00a0Gunni\u00a0som jag inte vet ngt om.\u00a0<\/p>\n\n\n\n<hr class=\"wp-block-separator\"\/>\n\n\n\n<p><strong>Anna&nbsp;<\/strong><strong>Alxandra<\/strong><strong>&nbsp;<\/strong><strong>Kristoffersdotter<\/strong><strong>&nbsp;g.&nbsp;<\/strong><strong>Klementsson<\/strong>&nbsp;<\/p>\n\n\n\n<p>Sist kommer, Anna Alexandra, min mor. Vi var sex syskon men\u00a0Jonas\u00a0dog 25 \u00e5r gammal. Jag \u00e4r \u00e4ldst och Jonas var nummer tv\u00e5.\u00a0<br>Anders\u00a0\u00e4r ogift och bor i Trollh\u00e4ttan. Under sommaren \u00e4r han p\u00e5 Storbacken.\u00a0<br>Elsie, distriktssk\u00f6terska, \u00e4r gift med Axel\u00a0Rydberg. Barnl\u00f6s och bor i\u00a0V\u00e4nnfors, V\u00e4nn\u00e4s.\u00a0<br>G\u00f6ta Lovisa, professor i religionshistoria vid Stockholms universitet, \u00e4r gift med Hans B\u00e4ckman.\u00a0De har tre barn, Nils, Lena och Ulf.\u00a0\u00a0<br>Erik\u00a0bor\u00a0permanent p\u00e5 Storbacken och \u00e4r gift. Han har tv\u00e5 barn.\u00a0<\/p>\n\n\n\n<p>Mina tv\u00e5 barn heter Dan och Bo. Bo har g\u00e5tt bort och Dan bor i Ryd, Sm\u00e5land.&nbsp;Han \u00e4r&nbsp;gift och har tv\u00e5 barn.&nbsp;<\/p>\n\n\n\n<p><em>Dototea<\/em><em>&nbsp;Kristina Fj\u00e4llstr\u00f6m f&nbsp;<\/em><em>Klementsson<\/em>&nbsp;<\/p>\n<p>Visningar: 112<\/p>","protected":false},"excerpt":{"rendered":"<p>Dorotea ber\u00e4ttar om sl\u00e4kten i ett brev till Sigrid Kristina Johanssons\u00a0dotter Tea i V\u00e4ster\u00e5s Kristoffer Johansson f 1844 \/&nbsp;Dorotea&nbsp;Andrsdotter&nbsp;Nejne&nbsp;f 1844&nbsp; V\u00e5r morfar, Kristoffer Johansson f&hellip;<\/p>\n","protected":false},"author":1,"featured_media":0,"parent":59,"menu_order":9,"comment_status":"closed","ping_status":"closed","template":"","meta":{"ngg_post_thumbnail":0,"footnotes":""},"class_list":["post-94","page","type-page","status-publish","hentry"],"_links":{"self":[{"href":"https:\/\/36256ryd.se\/minnen\/wp-json\/wp\/v2\/pages\/94","targetHints":{"allow":["GET"]}}],"collection":[{"href":"https:\/\/36256ryd.se\/minnen\/wp-json\/wp\/v2\/pages"}],"about":[{"href":"https:\/\/36256ryd.se\/minnen\/wp-json\/wp\/v2\/types\/page"}],"author":[{"embeddable":true,"href":"https:\/\/36256ryd.se\/minnen\/wp-json\/wp\/v2\/users\/1"}],"replies":[{"embeddable":true,"href":"https:\/\/36256ryd.se\/minnen\/wp-json\/wp\/v2\/comments?post=94"}],"version-history":[{"count":4,"href":"https:\/\/36256ryd.se\/minnen\/wp-json\/wp\/v2\/pages\/94\/revisions"}],"predecessor-version":[{"id":763,"href":"https:\/\/36256ryd.se\/minnen\/wp-json\/wp\/v2\/pages\/94\/revisions\/763"}],"up":[{"embeddable":true,"href":"https:\/\/36256ryd.se\/minnen\/wp-json\/wp\/v2\/pages\/59"}],"wp:attachment":[{"href":"https:\/\/36256ryd.se\/minnen\/wp-json\/wp\/v2\/media?parent=94"}],"curies":[{"name":"wp","href":"https:\/\/api.w.org\/{rel}","templated":true}]}}